{"id":5271,"date":"2017-08-29T14:39:40","date_gmt":"2017-08-29T13:39:40","guid":{"rendered":"http:\/\/www.imprentagraficar.es\/?page_id=5271\/"},"modified":"2019-01-31T18:31:48","modified_gmt":"2019-01-31T17:31:48","slug":"impressio-offset-barcelona","status":"publish","type":"page","link":"https:\/\/www.imprentagraficar.es\/ca\/impressio-offset-barcelona\/","title":{"rendered":"Impressi\u00f3 offset Barcelona"},"content":{"rendered":"<section class=\"wpb-content-wrapper\"><p>[vc_row full_width=&#8221;stretch_row&#8221;][vc_column]<section style=\"background-color:rgba(0,0,0,0.21);\" id=\"single-69e5a85209160\" class=\"header-single vertical-flex m0 image-bg  scrolled-no-hide parallax  p0 fullscreen \" style=\"\"><div class=\"background-content\"><img loading=\"lazy\" decoding=\"async\" width=\"901\" height=\"600\" src=\"https:\/\/www.imprentagraficar.es\/wp-content\/uploads\/2017\/04\/Imprenta-GrafiCar-Impresi\u00f3n-offset.jpg\" class=\"background-image\" alt=\"Impremta Grafi Car - Impremta \u00f2fset - Impressions \u00f2fset a l&#039;Eixample de Barcelona\" srcset=\"https:\/\/www.imprentagraficar.es\/wp-content\/uploads\/2017\/04\/Imprenta-GrafiCar-Impresi\u00f3n-offset.jpg 901w, https:\/\/www.imprentagraficar.es\/wp-content\/uploads\/2017\/04\/Imprenta-GrafiCar-Impresi\u00f3n-offset-300x200.jpg 300w, https:\/\/www.imprentagraficar.es\/wp-content\/uploads\/2017\/04\/Imprenta-GrafiCar-Impresi\u00f3n-offset-768x511.jpg 768w, https:\/\/www.imprentagraficar.es\/wp-content\/uploads\/2017\/04\/Imprenta-GrafiCar-Impresi\u00f3n-offset-600x400.jpg 600w\" sizes=\"(max-width: 901px) 100vw, 901px\" \/><div style=\"background-color:rgba(0,0,0,0.26); opacity:0.85;background:linear-gradient(to right, rgba(0,0,0,0.26) 0%,rgba(0,0,0,0.27) 100%);opacity:0.95!important;\" class=\"background-overlay\"><\/div><\/div><div  class=\"container vertical-flex-column item-content \"><div class=\"row\"><div class=\"standard-slide col-md-10 col-md-offset-1 col-sm-12 text-center\"><h1 class=\"heading-title-bold\">Impressi\u00f3 offset per a <span style=\"color:#164194!important;\">colors personalitzats<\/span><\/h1><div class=\"lead\" style=\"color:#0093ce!important;\">Per a alta qualitat o gran tiratge utilitza els nostres serveis d'impressi\u00f3 offset<\/div><div class=\"heading-content\"><p>Colors personalitzats amb els nostres serveis d&#8217;impressi\u00f3 offset a Barcelona.<\/p>\n<\/div>\n                <\/div><\/div><\/div><script type=\"text\/javascript\">jQuery(document).ready(function(){jQuery('head').append('<style type=\"text\/css\" id=\"tlg-custom-css-single-69e5a85209160\">#single-69e5a85209160 p, #single-69e5a85209160 div{color:#bce2e2!important;}#single-69e5a85209160 h1{text-shadow:none;color:#ffffff!important;}<\/style>');});<\/script><\/section>[\/vc_column][\/vc_row][vc_row][vc_column][vc_column_text]El <strong>sistema d&#8217;impressi\u00f3 ofset<\/strong>, offset en angl\u00e8s, t\u00e9 un origen m\u00e9s antic, l\u00f2gicament, que la <a href=\"http:\/\/www.imprentagraficar.es\/ca\/impressio-digital-barcelona\/\" target=\"_blank\" rel=\"noopener\">impressi\u00f3 digital<\/a>, i t\u00e9 el seu origen a la fi del segle XIX. El seu funcionament \u00e9s molt intu\u00eftiu i consisteix en l&#8217;aplicaci\u00f3 de <em>planxes entintades<\/em> sobre el material que es vol imprimir.<\/p>\n<p>Perqu\u00e8 les planxes puguin <strong>imprimir<\/strong> el que es desitja, primer la <em>planxa d&#8217;\u00f2fset<\/em> ha de passar un proc\u00e9s que permeti a la tinta adherir-se solament a les parts que interessa imprimir. Aix\u00f2 s&#8217;aconsegueix mitjan\u00e7ant solucions aquoses i olioses que repel\u00b7leixen o atreuen la tinta, respectivament.<\/p>\n<p>Malgrat el que podria semblar, en <em>la moderna impressi\u00f3 ofset<\/em> les planxes tampoc entren en contacte amb el material imprimible sin\u00f3 que es fa per pressi\u00f3 d&#8217;un cilindre de silicona. Gr\u00e0cies a aix\u00f2 les planxes tenen major durada que les utilitzades en el sistema de <em>litografia<\/em>.<\/p>\n<p>Encara que l&#8217;origen d&#8217;aquest sistema \u00e9s antic permet una <strong>excel\u00b7lent qualitat d&#8217;impressi\u00f3<\/strong>, <strong>millor fins<\/strong> i tot que uns altres m\u00e9s moderns i a <strong>gran velocitat<\/strong>.<\/p>\n<p>La <strong>impressi\u00f3 ofset<\/strong> tamb\u00e9 t\u00e9 la seva variant digital, amb l&#8217;avantatge que la tinta es passa directament a la mantilla i permet passar directament de l&#8217;arxiu al suport per imprimir.[\/vc_column_text][\/vc_column][\/vc_row][vc_row][vc_column width=&#8221;1\/2&#8243;][vc_column_text]<\/p>\n<h2 style=\"text-align: center;\">M\u00e0xima qualitat de color<\/h2>\n<p style=\"text-align: center;\">L&#8217;\u00fas de <em>tintes planes pantone<\/em> o de q<em>uadricromia<\/em> permet aconseguir alt\u00edssimes cotes de <strong>qualitat en la impressi\u00f3<\/strong>. \u00c9s el sistema adequat quan es busquen <strong>colors corporatius personalitzats<\/strong> o es necessita <strong>alta producci\u00f3<\/strong>. Tamb\u00e9 admet <em>pigments metal\u00b7litzats i fosforescents.<\/em><\/p>\n<p style=\"text-align: center;\">En <em>el proc\u00e9s d&#8217;offset<\/em> s&#8217;utilitzen planxes generades mitjan\u00e7ant CTP (computer to plate) a partir d&#8217;un arxiu pdf en alta resoluci\u00f3 i tintes l\u00edquides.<\/p>\n<p style=\"text-align: center;\">Molts <a href=\"https:\/\/www.pantone.com\/\" target=\"_blank\" rel=\"noopener\"><em>colors pantone<\/em><\/a> es poden reproduir sense problemes en <a href=\"https:\/\/toolstud.io\/color\/rgb.php\" target=\"_blank\" rel=\"noopener\"><em>cmyk<\/em><\/a>, per\u00f2 \u00e9s millor revisar-ho perqu\u00e8 alguns tons no queden tan nets com amb la tinta directa (els tons taronges s\u00f3n molt vistosos en tinta directa).<\/p>\n<p style=\"text-align: center;\">Per aprofitar al m\u00e0xim l&#8217;alta definici\u00f3 que proporciona aquest sistema, \u00e9s convenient que totes les imatges tinguin alta resoluci\u00f3 (300 dpi)<\/p>\n<h3 style=\"text-align: center;\"><\/h3>\n<p>[\/vc_column_text][\/vc_column][vc_column width=&#8221;1\/2&#8243;][vc_column_text]<\/p>\n<h2 style=\"text-align: center;\">Colors personalitzats per a tots els formats<\/h2>\n<p style=\"text-align: center;\">Al nostre cat\u00e0leg de productes podr\u00e0s veure totes les possibilitats que brindem perqu\u00e8 puguis aconseguir dur a terme el teu projecte. Podr\u00e0s triar d&#8217;entre una <em>gran gamma de possibilitats per personalitzar<\/em> al m\u00e0xim tots els teus productes pel que fa a <strong>impressi\u00f3<\/strong>.<\/p>\n<p style=\"text-align: center;\">Realitzem tot tipus de manipulats de tall, plec, hendidos, <a title=\"Relieves\" href=\"http:\/\/www.imprentagraficar.es\/descripcion-productos\/relieves\/\">relleus<\/a>, enquadernacions, <a title=\"Troquelados y taladrados\" href=\"http:\/\/www.imprentagraficar.es\/descripcion-productos\/troquelados-y-taladrados\/\">trepat, encunyat convencional i digital,<\/a> etc.<br \/>\nEls <a title=\"Cat\u00e1logos y revistas\" href=\"\/?cat_ID=14\">cat\u00e0legs<\/a> es poden enquadernar engrapats a cavall o si tenen moltes p\u00e0gines en r\u00fastica fresada.<\/p>\n<h4 style=\"text-align: center;\"><strong>Maquetaci\u00f3 i prova econ\u00f2mica<\/strong><\/h4>\n<p style=\"text-align: center;\">Dissenyem qualsevol format: <a title=\"Tarjetas de visita\" href=\"http:\/\/www.imprentagraficar.es\/descripcion-productos\/tarjetas-de-visita\/\">targetes de visita<\/a>, <a title=\"Blocks y talonarios autocopiativos\" href=\"http:\/\/www.imprentagraficar.es\/descripcion-productos\/blocks-talonarios-autocopiativos\/\">formularis, albarans i factures<\/a>, <a title=\"Flyers, folletos y desplegables\" href=\"http:\/\/www.imprentagraficar.es\/descripcion-productos\/flyers-tripticos-desplegables\/\">tr\u00edptics<\/a>, <a title=\"Cat\u00e1logos y revistas\" href=\"\/?cat_ID=14\">revistes<\/a>, <a title=\"etiquetas adhesivas\" href=\"https:\/\/www.imprentagraficar.es\/descripcion-productos\/etiquetas-adhesivas\/\/\">etiquetes adhesives <\/a>, <a title=\"Flyers, folletos y desplegables\" href=\"http:\/\/www.imprentagraficar.es\/descripcion-productos\/flyers-tripticos-desplegables\/\">flyers<\/a><\/p>\n<p>[\/vc_column_text][\/vc_column][\/vc_row][vc_row][vc_column][vc_images_carousel images=&#8221;4083,4089,4093,4021,4023,4025,4044,3937&#8243; img_size=&#8221;large&#8221; onclick=&#8221;link_no&#8221; speed=&#8221;2000&#8243; autoplay=&#8221;yes&#8221; hide_pagination_control=&#8221;yes&#8221; hide_prev_next_buttons=&#8221;yes&#8221; wrap=&#8221;yes&#8221; css=&#8221;.vc_custom_1490209941480{border-radius: 2px !important;}&#8221;][\/vc_column][\/vc_row][vc_row][vc_column][vc_column_text]<\/p>\n<h2>La impressi\u00f3 offset comporta un <em>proc\u00e9s m\u00e9s llarg que la impressi\u00f3 digital<\/em><\/h2>\n<p>El proc\u00e9s d&#8217;impressi\u00f3 offset exigeix una preparaci\u00f3 dels arxius molt acurada quant a requisits de resoluci\u00f3 i manera de color de les imatges. Despr\u00e9s es <strong>processen els arxius<\/strong> .pdf per filmar planxes i entren en cua d&#8217;impressi\u00f3. L&#8217;operari ha de <strong>muntar les planxes<\/strong>, ajusta el tintatge i colors, i comen\u00e7a a tirar. Finalment hi ha un temps d&#8217;espera <strong>d&#8217;assecat<\/strong> del treball, i ja es poden realitzar els <strong>manipulats<\/strong> necessaris i el tall final.<\/p>\n<h3><\/h3>\n<h3>La impressi\u00f3 ofset es pot aplicar a una <em>gran varietat de materials<\/em> no suportats en la impressi\u00f3 digital i <em>formats m\u00e9s grans<\/em><\/h3>\n<p>En la impressi\u00f3 amb sistema offset s&#8217;utilitzen papers i cartolines de pasta normal o estucades, amb un rang de gramatges des de 60 gr2 en papers autocopiativos fins a 400 gr2 en cartolines creatives o gr\u00e0fiques. Tamb\u00e9 es pot imprimir sobre algun material nou que ha anat apareixent durant els \u00faltims anys, com el paper pedra.<\/p>\n<p>Les <strong>cartolines estucades<\/strong> estan fetes d&#8217;un tipus de paper recobert amb capes que li confereixen diferents qualitats, lluentor, pes o suavitat, entre unes altres. Gr\u00e0cies a aquestes caracter\u00edstiques el <em>sistema ofset<\/em> permet un enorme ventall de possibilitats per a diferents <a href=\"http:\/\/www.imprentagraficar.es\/ca\/productes-impresos\/\">productes impresos<\/a>. Per aquest motiu sigui el sistema idoni per a les impressions editorials, targetes de visita que requereixen un pantone directe que en cmyk no es pugui aconseguir, i doni lloc a impressions impactants que s&#8217;aprofiten per a <em>publicitat gr\u00e0fica<\/em>. Un bon exemple d&#8217;aquestes possibilitats \u00e9s l&#8217;efecte de <a href=\"http:\/\/www.imprentagraficar.es\/ca\/termorelleu-tecnica-impressio\/\">termorrelleu<\/a>, en el qual la tinta es solidifica sobre el paper produint una agradable sensaci\u00f3 t\u00e0ctil i visual.<\/p>\n<p>El <strong>paper pedra<\/strong> o <strong>paper mineral<\/strong> \u00e9s un <em>paper ecol\u00f2gic<\/em>, fabricat amb carbonat c\u00e0lcic, que \u00e9s totalment <strong>biodegradable<\/strong> i <em>impermeable<\/em>. Es pot reciclar indefinidament i en la seva fabricaci\u00f3 no s&#8217;utilitzen arbres. \u00c9s resistent a l&#8217;aigua, a l&#8217;oli i \u00e9s de textura suau. L&#8217;\u00fas d&#8217;aquest paper s&#8217;ha est\u00e8s r\u00e0pidament a tot el m\u00f3n pels seus nombrosos avantatges. La forma d&#8217;imprimir-ho \u00e9s mitjan\u00e7ant el<strong> sistema ofset<\/strong> perqu\u00e8 a causa de la seva escassa resist\u00e8ncia a la calor, el l\u00e0ser de la impressi\u00f3 digital fa malb\u00e9 el paper en els gramatges prims.<\/p>\n<p>Les seves caracter\u00edstiques ho fan idoni per imprimir llibretes impermeables, <a href=\"http:\/\/www.imprentagraficar.es\/ca\/impresion\/targetes-de-visita\/\">targetes de visita<\/a> i algunes altres aplicacions que van sorgint a poc a poc a mesura que va essent conegut.<\/p>\n<p>[\/vc_column_text][\/vc_column][\/vc_row][vc_row][vc_column width=&#8221;1\/3&#8243;][\/vc_column][vc_column width=&#8221;1\/3&#8243;]<div class=\"\"><a  id=\"btn-69e5a8520953e\" class=\"btn btn-filled  ti-hand-point-right  btn-sm-sm\" href= \"http:\/\/www.imprentagraficar.es\/ca\/contacta\/\" target=\"_self\" >Contacta amb nosaltres<\/a><\/div>[\/vc_column][vc_column width=&#8221;1\/3&#8243;][\/vc_column][\/vc_row]<\/p>\n<\/section>","protected":false},"excerpt":{"rendered":"<p>[vc_row full_width=&#8221;stretch_row&#8221;][vc_column][\/vc_column][\/vc_row][vc_row][vc_column][vc_column_text]El sistema d&#8217;impressi\u00f3 ofset, offset en angl\u00e8s, t\u00e9 un origen m\u00e9s antic, l\u00f2gicament, que la&#8230;<\/p>\n","protected":false},"author":3,"featured_media":4546,"parent":0,"menu_order":0,"comment_status":"closed","ping_status":"closed","template":"","meta":{"footnotes":""},"yoast_head":"<!-- This site is optimized with the Yoast SEO plugin v24.2 - https:\/\/yoast.com\/wordpress\/plugins\/seo\/ -->\n<title>Impressi\u00f3 \u00f2fset | Imprenta GrafiCar - Impremta offset a Barcelona<\/title>\n<meta name=\"description\" content=\"Impremta GrafiCar - Impremta Offset - Colors personalitzats totalment: sistemes pantone o quadricromia per a Impressi\u00f3 \u00d2fset de projectes a Barcelona.\" \/>\n<meta name=\"robots\" content=\"index, follow, max-snippet:-1, max-image-preview:large, max-video-preview:-1\" \/>\n<link rel=\"canonical\" href=\"https:\/\/www.imprentagraficar.es\/ca\/impressio-offset-barcelona\/\" \/>\n<meta property=\"og:locale\" content=\"ca_ES\" \/>\n<meta property=\"og:type\" content=\"article\" \/>\n<meta property=\"og:title\" content=\"Impressi\u00f3 \u00f2fset | Imprenta GrafiCar - Impremta offset a Barcelona\" \/>\n<meta property=\"og:description\" content=\"Impremta GrafiCar - Impremta Offset - Colors personalitzats totalment: sistemes pantone o quadricromia per a Impressi\u00f3 \u00d2fset de projectes a Barcelona.\" \/>\n<meta property=\"og:url\" content=\"https:\/\/www.imprentagraficar.es\/ca\/impressio-offset-barcelona\/\" \/>\n<meta property=\"og:site_name\" content=\"Imprenta GrafiCar\" \/>\n<meta property=\"article:publisher\" content=\"https:\/\/www.facebook.com\/Imprenta-Grafi-Car-758527010874723\/\" \/>\n<meta property=\"article:modified_time\" content=\"2019-01-31T17:31:48+00:00\" \/>\n<meta property=\"og:image\" content=\"https:\/\/www.imprentagraficar.es\/wp-content\/uploads\/2017\/04\/Imprenta-GrafiCar-Impresi\u00f3n-offset-maquina_offset-1.jpg\" \/>\n\t<meta property=\"og:image:width\" content=\"901\" \/>\n\t<meta property=\"og:image:height\" content=\"600\" \/>\n\t<meta property=\"og:image:type\" content=\"image\/jpeg\" \/>\n<meta name=\"twitter:label1\" content=\"Est. reading time\" \/>\n\t<meta name=\"twitter:data1\" content=\"5 minutes\" \/>\n<script type=\"application\/ld+json\" class=\"yoast-schema-graph\">{\"@context\":\"https:\/\/schema.org\",\"@graph\":[{\"@type\":\"WebPage\",\"@id\":\"https:\/\/www.imprentagraficar.es\/ca\/impressio-offset-barcelona\/\",\"url\":\"https:\/\/www.imprentagraficar.es\/ca\/impressio-offset-barcelona\/\",\"name\":\"Impressi\u00f3 \u00f2fset | Imprenta GrafiCar - Impremta offset a Barcelona\",\"isPartOf\":{\"@id\":\"https:\/\/www.imprentagraficar.es\/ca\/#website\"},\"primaryImageOfPage\":{\"@id\":\"https:\/\/www.imprentagraficar.es\/ca\/impressio-offset-barcelona\/#primaryimage\"},\"image\":{\"@id\":\"https:\/\/www.imprentagraficar.es\/ca\/impressio-offset-barcelona\/#primaryimage\"},\"thumbnailUrl\":\"https:\/\/www.imprentagraficar.es\/wp-content\/uploads\/2017\/04\/Imprenta-GrafiCar-Impresi\u00f3n-offset-maquina_offset-1.jpg\",\"datePublished\":\"2017-08-29T13:39:40+00:00\",\"dateModified\":\"2019-01-31T17:31:48+00:00\",\"description\":\"Impremta GrafiCar - Impremta Offset - Colors personalitzats totalment: sistemes pantone o quadricromia per a Impressi\u00f3 \u00d2fset de projectes a Barcelona.\",\"breadcrumb\":{\"@id\":\"https:\/\/www.imprentagraficar.es\/ca\/impressio-offset-barcelona\/#breadcrumb\"},\"inLanguage\":\"ca-ES\",\"potentialAction\":[{\"@type\":\"ReadAction\",\"target\":[\"https:\/\/www.imprentagraficar.es\/ca\/impressio-offset-barcelona\/\"]}]},{\"@type\":\"ImageObject\",\"inLanguage\":\"ca-ES\",\"@id\":\"https:\/\/www.imprentagraficar.es\/ca\/impressio-offset-barcelona\/#primaryimage\",\"url\":\"https:\/\/www.imprentagraficar.es\/wp-content\/uploads\/2017\/04\/Imprenta-GrafiCar-Impresi\u00f3n-offset-maquina_offset-1.jpg\",\"contentUrl\":\"https:\/\/www.imprentagraficar.es\/wp-content\/uploads\/2017\/04\/Imprenta-GrafiCar-Impresi\u00f3n-offset-maquina_offset-1.jpg\",\"width\":901,\"height\":600,\"caption\":\"Impremta \u00f2fset - impremta offset - impressi\u00f3 \u00f2fset barcelona - impressi\u00f3 offset barcelona\"},{\"@type\":\"BreadcrumbList\",\"@id\":\"https:\/\/www.imprentagraficar.es\/ca\/impressio-offset-barcelona\/#breadcrumb\",\"itemListElement\":[{\"@type\":\"ListItem\",\"position\":1,\"name\":\"Portada\",\"item\":\"https:\/\/www.imprentagraficar.es\/ca\/\"},{\"@type\":\"ListItem\",\"position\":2,\"name\":\"Impressi\u00f3 offset Barcelona\"}]},{\"@type\":\"WebSite\",\"@id\":\"https:\/\/www.imprentagraficar.es\/ca\/#website\",\"url\":\"https:\/\/www.imprentagraficar.es\/ca\/\",\"name\":\"Imprenta GrafiCar\",\"description\":\"Expertos en impresiones offset, digital y artes gr\u00e1ficas en Barcelona.\",\"publisher\":{\"@id\":\"https:\/\/www.imprentagraficar.es\/ca\/#organization\"},\"potentialAction\":[{\"@type\":\"SearchAction\",\"target\":{\"@type\":\"EntryPoint\",\"urlTemplate\":\"https:\/\/www.imprentagraficar.es\/ca\/?s={search_term_string}\"},\"query-input\":{\"@type\":\"PropertyValueSpecification\",\"valueRequired\":true,\"valueName\":\"search_term_string\"}}],\"inLanguage\":\"ca-ES\"},{\"@type\":\"Organization\",\"@id\":\"https:\/\/www.imprentagraficar.es\/ca\/#organization\",\"name\":\"Imprenta Grafi Car\",\"url\":\"https:\/\/www.imprentagraficar.es\/ca\/\",\"logo\":{\"@type\":\"ImageObject\",\"inLanguage\":\"ca-ES\",\"@id\":\"https:\/\/www.imprentagraficar.es\/ca\/#\/schema\/logo\/image\/\",\"url\":\"https:\/\/www.imprentagraficar.es\/wp-content\/uploads\/2016\/12\/graficar_235px.png\",\"contentUrl\":\"https:\/\/www.imprentagraficar.es\/wp-content\/uploads\/2016\/12\/graficar_235px.png\",\"width\":235,\"height\":124,\"caption\":\"Imprenta Grafi Car\"},\"image\":{\"@id\":\"https:\/\/www.imprentagraficar.es\/ca\/#\/schema\/logo\/image\/\"},\"sameAs\":[\"https:\/\/www.facebook.com\/Imprenta-Grafi-Car-758527010874723\/\"]}]}<\/script>\n<!-- \/ Yoast SEO plugin. -->","yoast_head_json":{"title":"Impressi\u00f3 \u00f2fset | Imprenta GrafiCar - Impremta offset a Barcelona","description":"Impremta GrafiCar - Impremta Offset - Colors personalitzats totalment: sistemes pantone o quadricromia per a Impressi\u00f3 \u00d2fset de projectes a Barcelona.","robots":{"index":"index","follow":"follow","max-snippet":"max-snippet:-1","max-image-preview":"max-image-preview:large","max-video-preview":"max-video-preview:-1"},"canonical":"https:\/\/www.imprentagraficar.es\/ca\/impressio-offset-barcelona\/","og_locale":"ca_ES","og_type":"article","og_title":"Impressi\u00f3 \u00f2fset | Imprenta GrafiCar - Impremta offset a Barcelona","og_description":"Impremta GrafiCar - Impremta Offset - Colors personalitzats totalment: sistemes pantone o quadricromia per a Impressi\u00f3 \u00d2fset de projectes a Barcelona.","og_url":"https:\/\/www.imprentagraficar.es\/ca\/impressio-offset-barcelona\/","og_site_name":"Imprenta GrafiCar","article_publisher":"https:\/\/www.facebook.com\/Imprenta-Grafi-Car-758527010874723\/","article_modified_time":"2019-01-31T17:31:48+00:00","og_image":[{"width":901,"height":600,"url":"https:\/\/www.imprentagraficar.es\/wp-content\/uploads\/2017\/04\/Imprenta-GrafiCar-Impresi\u00f3n-offset-maquina_offset-1.jpg","type":"image\/jpeg"}],"twitter_misc":{"Est. reading time":"5 minutes"},"schema":{"@context":"https:\/\/schema.org","@graph":[{"@type":"WebPage","@id":"https:\/\/www.imprentagraficar.es\/ca\/impressio-offset-barcelona\/","url":"https:\/\/www.imprentagraficar.es\/ca\/impressio-offset-barcelona\/","name":"Impressi\u00f3 \u00f2fset | Imprenta GrafiCar - Impremta offset a Barcelona","isPartOf":{"@id":"https:\/\/www.imprentagraficar.es\/ca\/#website"},"primaryImageOfPage":{"@id":"https:\/\/www.imprentagraficar.es\/ca\/impressio-offset-barcelona\/#primaryimage"},"image":{"@id":"https:\/\/www.imprentagraficar.es\/ca\/impressio-offset-barcelona\/#primaryimage"},"thumbnailUrl":"https:\/\/www.imprentagraficar.es\/wp-content\/uploads\/2017\/04\/Imprenta-GrafiCar-Impresi\u00f3n-offset-maquina_offset-1.jpg","datePublished":"2017-08-29T13:39:40+00:00","dateModified":"2019-01-31T17:31:48+00:00","description":"Impremta GrafiCar - Impremta Offset - Colors personalitzats totalment: sistemes pantone o quadricromia per a Impressi\u00f3 \u00d2fset de projectes a Barcelona.","breadcrumb":{"@id":"https:\/\/www.imprentagraficar.es\/ca\/impressio-offset-barcelona\/#breadcrumb"},"inLanguage":"ca-ES","potentialAction":[{"@type":"ReadAction","target":["https:\/\/www.imprentagraficar.es\/ca\/impressio-offset-barcelona\/"]}]},{"@type":"ImageObject","inLanguage":"ca-ES","@id":"https:\/\/www.imprentagraficar.es\/ca\/impressio-offset-barcelona\/#primaryimage","url":"https:\/\/www.imprentagraficar.es\/wp-content\/uploads\/2017\/04\/Imprenta-GrafiCar-Impresi\u00f3n-offset-maquina_offset-1.jpg","contentUrl":"https:\/\/www.imprentagraficar.es\/wp-content\/uploads\/2017\/04\/Imprenta-GrafiCar-Impresi\u00f3n-offset-maquina_offset-1.jpg","width":901,"height":600,"caption":"Impremta \u00f2fset - impremta offset - impressi\u00f3 \u00f2fset barcelona - impressi\u00f3 offset barcelona"},{"@type":"BreadcrumbList","@id":"https:\/\/www.imprentagraficar.es\/ca\/impressio-offset-barcelona\/#breadcrumb","itemListElement":[{"@type":"ListItem","position":1,"name":"Portada","item":"https:\/\/www.imprentagraficar.es\/ca\/"},{"@type":"ListItem","position":2,"name":"Impressi\u00f3 offset Barcelona"}]},{"@type":"WebSite","@id":"https:\/\/www.imprentagraficar.es\/ca\/#website","url":"https:\/\/www.imprentagraficar.es\/ca\/","name":"Imprenta GrafiCar","description":"Expertos en impresiones offset, digital y artes gr\u00e1ficas en Barcelona.","publisher":{"@id":"https:\/\/www.imprentagraficar.es\/ca\/#organization"},"potentialAction":[{"@type":"SearchAction","target":{"@type":"EntryPoint","urlTemplate":"https:\/\/www.imprentagraficar.es\/ca\/?s={search_term_string}"},"query-input":{"@type":"PropertyValueSpecification","valueRequired":true,"valueName":"search_term_string"}}],"inLanguage":"ca-ES"},{"@type":"Organization","@id":"https:\/\/www.imprentagraficar.es\/ca\/#organization","name":"Imprenta Grafi Car","url":"https:\/\/www.imprentagraficar.es\/ca\/","logo":{"@type":"ImageObject","inLanguage":"ca-ES","@id":"https:\/\/www.imprentagraficar.es\/ca\/#\/schema\/logo\/image\/","url":"https:\/\/www.imprentagraficar.es\/wp-content\/uploads\/2016\/12\/graficar_235px.png","contentUrl":"https:\/\/www.imprentagraficar.es\/wp-content\/uploads\/2016\/12\/graficar_235px.png","width":235,"height":124,"caption":"Imprenta Grafi Car"},"image":{"@id":"https:\/\/www.imprentagraficar.es\/ca\/#\/schema\/logo\/image\/"},"sameAs":["https:\/\/www.facebook.com\/Imprenta-Grafi-Car-758527010874723\/"]}]}},"_links":{"self":[{"href":"https:\/\/www.imprentagraficar.es\/ca\/wp-json\/wp\/v2\/pages\/5271"}],"collection":[{"href":"https:\/\/www.imprentagraficar.es\/ca\/wp-json\/wp\/v2\/pages"}],"about":[{"href":"https:\/\/www.imprentagraficar.es\/ca\/wp-json\/wp\/v2\/types\/page"}],"author":[{"embeddable":true,"href":"https:\/\/www.imprentagraficar.es\/ca\/wp-json\/wp\/v2\/users\/3"}],"replies":[{"embeddable":true,"href":"https:\/\/www.imprentagraficar.es\/ca\/wp-json\/wp\/v2\/comments?post=5271"}],"version-history":[{"count":0,"href":"https:\/\/www.imprentagraficar.es\/ca\/wp-json\/wp\/v2\/pages\/5271\/revisions"}],"wp:featuredmedia":[{"embeddable":true,"href":"https:\/\/www.imprentagraficar.es\/ca\/wp-json\/wp\/v2\/media\/4546"}],"wp:attachment":[{"href":"https:\/\/www.imprentagraficar.es\/ca\/wp-json\/wp\/v2\/media?parent=5271"}],"curies":[{"name":"wp","href":"https:\/\/api.w.org\/{rel}","templated":true}]}}