{"id":5269,"date":"2017-08-29T14:16:20","date_gmt":"2017-08-29T13:16:20","guid":{"rendered":"http:\/\/www.imprentagraficar.es\/?page_id=5269\/"},"modified":"2019-01-31T18:31:24","modified_gmt":"2019-01-31T17:31:24","slug":"impressio-digital-barcelona","status":"publish","type":"page","link":"https:\/\/www.imprentagraficar.es\/ca\/impressio-digital-barcelona\/","title":{"rendered":"Impressi\u00f3 digital Barcelona"},"content":{"rendered":"<section class=\"wpb-content-wrapper\"><p>[vc_row full_width=&#8221;stretch_row&#8221;][vc_column]<section style=\"background-color:rgba(0,0,0,0.29);\" id=\"single-69e5a850b5def\" class=\"header-single vertical-flex m0 image-bg  scrolled-no-hide parallax  p0 fullscreen \" style=\"\"><div class=\"background-content\"><img loading=\"lazy\" decoding=\"async\" width=\"620\" height=\"261\" src=\"https:\/\/www.imprentagraficar.es\/wp-content\/uploads\/2017\/06\/ricohpro_c7100_big-2-e1492757766909.jpg\" class=\"background-image\" alt=\"Servicios de Impresi\u00f3n digital barcelona\" srcset=\"https:\/\/www.imprentagraficar.es\/wp-content\/uploads\/2017\/06\/ricohpro_c7100_big-2-e1492757766909.jpg 620w, https:\/\/www.imprentagraficar.es\/wp-content\/uploads\/2017\/06\/ricohpro_c7100_big-2-e1492757766909-300x126.jpg 300w\" sizes=\"(max-width: 620px) 100vw, 620px\" \/><div style=\"background-color:rgba(0,0,0,0.29); opacity:0.85;background:linear-gradient(to right, rgba(0,0,0,0.29) 0%,rgba(0,0,0,0.23) 100%);opacity:0.95!important;\" class=\"background-overlay\"><\/div><\/div><div  class=\"container vertical-flex-column item-content \"><div class=\"row\"><div class=\"standard-slide col-md-10 col-md-offset-1 col-sm-12 text-center\"><h1 class=\"heading-title-bold\"><span style=\"color:#164194!important;\">Impressi\u00f3 digital<\/span> a Barcelona<\/h1><div class=\"lead\" style=\"color:#bce2e2!important;\">Impremta digital a Barcelona<\/div><div class=\"heading-content\"><p>Serveis d&#8217;impressi\u00f3 digital a Barcelona<\/p>\n<\/div>\n                <\/div><\/div><\/div><\/section>[\/vc_column][\/vc_row][vc_row][vc_column][vc_column_text]<\/p>\n<h2>Impremta digital a Barcelona<\/h2>\n<p>A <a href=\"http:\/\/www.imprentagraficar.es\/ca\/\">Impremta GrafiCar<\/a>\u00a0et podem ajudar a con\u00e8ixer qu\u00e8 solucions s&#8217;adapten millor al que necessites mitjan\u00e7ant la varietat de possibilitats que es poden donar dins dels <em>serveis d&#8217;impressi\u00f3 digital.<\/em><\/p>\n<p>Gr\u00e0cies a les nostres <strong>impressores digitals<\/strong> podem oferir-te <em>qualitat professional i preus econ\u00f2mics<\/em> per a tiratges curts. La <strong>impressi\u00f3 digital <\/strong>sempre es realitza amb <strong>t\u00f2ner<\/strong> en <strong>cmyk<\/strong> (la mescla de 4 colors: cian, magenta, groc i negre).<\/p>\n<p>Imprimim en <strong>alta resoluci\u00f3<\/strong>, per la qual cosa la impressi\u00f3 en petites quantitats de flyers, cat\u00e0legs, targetes, carpetes i llibres ja no \u00e9s un problema, amb un resultat de qualitat pr\u00e0cticament igual que la de l&#8217;\u00f2fset.<\/p>\n<h2><\/h2>\n<h2>Impressi\u00f3 digital<\/h2>\n<p>Al <strong>sistema d&#8217;impressi\u00f3 digital<\/strong> cada vegada s&#8217;amplia m\u00e9s la varietat de tipus de materials, perqu\u00e8 estan sortint nous equips que no escalfen tant el material en fondre el t\u00f2ner ultrafi, per\u00f2 el gran avantatge de la impressi\u00f3 digital \u00e9s que permet un nivell de personalitzaci\u00f3 de les impressions mai aconseguit fins ara, aix\u00ed com incloure dada variable (la personalitzaci\u00f3 de cada exemplar del tiratge).<\/p>\n<p>Gr\u00e0cies a la possibilitat de la dada variable la impressi\u00f3 digital resulta \u00fatil per a la impressi\u00f3 de papereria d&#8217;empresa com a sobres, circulars, o carnets identificatius.<\/p>\n<p>Un altre dels seus avantatges \u00e9s que en treballar amb tintes poc denses, aquestes s&#8217;assequen immediatament i permeten obtenir el resultat r\u00e0pidament.<\/p>\n<p>La impressi\u00f3 digital permet imprimir directament de l&#8217;arxiu electr\u00f2nic al paper. Aix\u00f2 es pot fer mitjan\u00e7ant dos aparells:<\/p>\n<p>&nbsp;<\/p>\n<ul>\n<li>\n<h3>Impressora d&#8217;injecci\u00f3 de tinta:<\/h3>\n<\/li>\n<\/ul>\n<p>S&#8217;emeten gotes de tinta des d&#8217;un cap\u00e7al d&#8217;impressi\u00f3 que no arriba a tocar el paper. \u00c9s la forma m\u00e9s popular d&#8217;impressi\u00f3 ja que aquest \u00e9s el sistema que utilitzen la majoria de les impressores dom\u00e8stiques.<\/p>\n<ul>\n<li>\n<h3>Impressora l\u00e0ser (t\u00f2ner):<\/h3>\n<\/li>\n<\/ul>\n<p>La impressora l\u00e0ser utilitza un sistema d&#8217;atracci\u00f3 electrost\u00e0tica (magnetograf\u00eda) que permet que una pols fina imantada (t\u00f2ner) de color es quedi enganxada al paper gr\u00e0cies a l&#8217;acci\u00f3 del l\u00e0ser.<\/p>\n<p>La pols que no s&#8217;utilitza passa a un altre dip\u00f2sit (dip\u00f2sit de t\u00f2ner residual) gr\u00e0cies a un tallant.<\/p>\n<p>Quan volem fer una impressi\u00f3 amb diversos colors s&#8217;utilitzen quatre t\u00f2ners (<strong>CYMK<\/strong> &#8211; Cian, Magenta, Yellow o Groc i Key o Negre).<\/p>\n<p>En el<strong> sistema d&#8217;impressi\u00f3 digital<\/strong> cada vegada s&#8217;amplia m\u00e9s la varietat de materials, perqu\u00e8 estan sortint nous equips que no escalfen tant el material en fondre el t\u00f2ner ultrafino. Hi ha materials sint\u00e8tics que donen gran qualitat d&#8217;impressi\u00f3 i que utilitzem molt per a dorsals esportives o <a href=\"http:\/\/www.imprentagraficar.es\/ca\/impresion\/papereria-de-empresa\/\">cartes de restaurant<\/a> que requereixen pel seu \u00fas m\u00e9s resist\u00e8ncia. O <a href=\"http:\/\/www.imprentagraficar.es\/ca\/impresion\/etiquetes-adhesives\/\">adhesius de vinil transparent<\/a>, impresos en mirall i opacats amb tinta blanca per darrere per enganxar per l&#8217;interior d&#8217;un aparador.[\/vc_column_text][\/vc_column][\/vc_row][vc_row][vc_column width=&#8221;1\/3&#8243;][\/vc_column][vc_column width=&#8221;1\/3&#8243;]<div class=\"\"><a  id=\"btn-69e5a850b619b\" class=\"btn btn-filled  ti-hand-point-right  btn-sm-sm\" href= \"http:\/\/www.imprentagraficar.es\/contacta\/\" target=\"_self\" >Contacta con nosotros<\/a><\/div>[\/vc_column][vc_column width=&#8221;1\/3&#8243;][\/vc_column][\/vc_row]<\/p>\n<\/section>","protected":false},"excerpt":{"rendered":"<p>[vc_row full_width=&#8221;stretch_row&#8221;][vc_column][\/vc_column][\/vc_row][vc_row][vc_column][vc_column_text] Impremta digital a Barcelona A Impremta GrafiCar\u00a0et podem ajudar a con\u00e8ixer qu\u00e8 solucions s&#8217;adapten&#8230;<\/p>\n","protected":false},"author":3,"featured_media":5298,"parent":0,"menu_order":0,"comment_status":"closed","ping_status":"closed","template":"","meta":{"footnotes":""},"yoast_head":"<!-- This site is optimized with the Yoast SEO plugin v24.2 - https:\/\/yoast.com\/wordpress\/plugins\/seo\/ -->\n<title>Impremta Digital Barcelona | Impremta GrafiCar - Impressi\u00f3 digital<\/title>\n<meta name=\"description\" content=\"Impremta digital Barcelona Imprimim en alta resoluci\u00f3, impressi\u00f3 en petites quantitats de flyers, cat\u00e0legs, targetes, carpetes i llibres.\" \/>\n<meta name=\"robots\" content=\"index, follow, max-snippet:-1, max-image-preview:large, max-video-preview:-1\" \/>\n<link rel=\"canonical\" href=\"https:\/\/www.imprentagraficar.es\/ca\/impressio-digital-barcelona\/\" \/>\n<meta property=\"og:locale\" content=\"ca_ES\" \/>\n<meta property=\"og:type\" content=\"article\" \/>\n<meta property=\"og:title\" content=\"Impremta Digital Barcelona | Impremta GrafiCar - Impressi\u00f3 digital\" \/>\n<meta property=\"og:description\" content=\"Impremta digital Barcelona Imprimim en alta resoluci\u00f3, impressi\u00f3 en petites quantitats de flyers, cat\u00e0legs, targetes, carpetes i llibres.\" \/>\n<meta property=\"og:url\" content=\"https:\/\/www.imprentagraficar.es\/ca\/impressio-digital-barcelona\/\" \/>\n<meta property=\"og:site_name\" content=\"Imprenta GrafiCar\" \/>\n<meta property=\"article:publisher\" content=\"https:\/\/www.facebook.com\/Imprenta-Grafi-Car-758527010874723\/\" \/>\n<meta property=\"article:modified_time\" content=\"2019-01-31T17:31:24+00:00\" \/>\n<meta property=\"og:image\" content=\"https:\/\/www.imprentagraficar.es\/wp-content\/uploads\/2017\/08\/Impresi\u00f3n-digital-Imprenta-GrafiCar.jpg\" \/>\n\t<meta property=\"og:image:width\" content=\"620\" \/>\n\t<meta property=\"og:image:height\" content=\"261\" \/>\n\t<meta property=\"og:image:type\" content=\"image\/jpeg\" \/>\n<meta name=\"twitter:label1\" content=\"Est. reading time\" \/>\n\t<meta name=\"twitter:data1\" content=\"3 minutes\" \/>\n<script type=\"application\/ld+json\" class=\"yoast-schema-graph\">{\"@context\":\"https:\/\/schema.org\",\"@graph\":[{\"@type\":\"WebPage\",\"@id\":\"https:\/\/www.imprentagraficar.es\/ca\/impressio-digital-barcelona\/\",\"url\":\"https:\/\/www.imprentagraficar.es\/ca\/impressio-digital-barcelona\/\",\"name\":\"Impremta Digital Barcelona | Impremta GrafiCar - Impressi\u00f3 digital\",\"isPartOf\":{\"@id\":\"https:\/\/www.imprentagraficar.es\/ca\/#website\"},\"primaryImageOfPage\":{\"@id\":\"https:\/\/www.imprentagraficar.es\/ca\/impressio-digital-barcelona\/#primaryimage\"},\"image\":{\"@id\":\"https:\/\/www.imprentagraficar.es\/ca\/impressio-digital-barcelona\/#primaryimage\"},\"thumbnailUrl\":\"https:\/\/www.imprentagraficar.es\/wp-content\/uploads\/2017\/08\/Impresi\u00f3n-digital-Imprenta-GrafiCar.jpg\",\"datePublished\":\"2017-08-29T13:16:20+00:00\",\"dateModified\":\"2019-01-31T17:31:24+00:00\",\"description\":\"Impremta digital Barcelona Imprimim en alta resoluci\u00f3, impressi\u00f3 en petites quantitats de flyers, cat\u00e0legs, targetes, carpetes i llibres.\",\"breadcrumb\":{\"@id\":\"https:\/\/www.imprentagraficar.es\/ca\/impressio-digital-barcelona\/#breadcrumb\"},\"inLanguage\":\"ca-ES\",\"potentialAction\":[{\"@type\":\"ReadAction\",\"target\":[\"https:\/\/www.imprentagraficar.es\/ca\/impressio-digital-barcelona\/\"]}]},{\"@type\":\"ImageObject\",\"inLanguage\":\"ca-ES\",\"@id\":\"https:\/\/www.imprentagraficar.es\/ca\/impressio-digital-barcelona\/#primaryimage\",\"url\":\"https:\/\/www.imprentagraficar.es\/wp-content\/uploads\/2017\/08\/Impresi\u00f3n-digital-Imprenta-GrafiCar.jpg\",\"contentUrl\":\"https:\/\/www.imprentagraficar.es\/wp-content\/uploads\/2017\/08\/Impresi\u00f3n-digital-Imprenta-GrafiCar.jpg\",\"width\":620,\"height\":261},{\"@type\":\"BreadcrumbList\",\"@id\":\"https:\/\/www.imprentagraficar.es\/ca\/impressio-digital-barcelona\/#breadcrumb\",\"itemListElement\":[{\"@type\":\"ListItem\",\"position\":1,\"name\":\"Portada\",\"item\":\"https:\/\/www.imprentagraficar.es\/ca\/\"},{\"@type\":\"ListItem\",\"position\":2,\"name\":\"Impressi\u00f3 digital Barcelona\"}]},{\"@type\":\"WebSite\",\"@id\":\"https:\/\/www.imprentagraficar.es\/ca\/#website\",\"url\":\"https:\/\/www.imprentagraficar.es\/ca\/\",\"name\":\"Imprenta GrafiCar\",\"description\":\"Expertos en impresiones offset, digital y artes gr\u00e1ficas en Barcelona.\",\"publisher\":{\"@id\":\"https:\/\/www.imprentagraficar.es\/ca\/#organization\"},\"potentialAction\":[{\"@type\":\"SearchAction\",\"target\":{\"@type\":\"EntryPoint\",\"urlTemplate\":\"https:\/\/www.imprentagraficar.es\/ca\/?s={search_term_string}\"},\"query-input\":{\"@type\":\"PropertyValueSpecification\",\"valueRequired\":true,\"valueName\":\"search_term_string\"}}],\"inLanguage\":\"ca-ES\"},{\"@type\":\"Organization\",\"@id\":\"https:\/\/www.imprentagraficar.es\/ca\/#organization\",\"name\":\"Imprenta Grafi Car\",\"url\":\"https:\/\/www.imprentagraficar.es\/ca\/\",\"logo\":{\"@type\":\"ImageObject\",\"inLanguage\":\"ca-ES\",\"@id\":\"https:\/\/www.imprentagraficar.es\/ca\/#\/schema\/logo\/image\/\",\"url\":\"https:\/\/www.imprentagraficar.es\/wp-content\/uploads\/2016\/12\/graficar_235px.png\",\"contentUrl\":\"https:\/\/www.imprentagraficar.es\/wp-content\/uploads\/2016\/12\/graficar_235px.png\",\"width\":235,\"height\":124,\"caption\":\"Imprenta Grafi Car\"},\"image\":{\"@id\":\"https:\/\/www.imprentagraficar.es\/ca\/#\/schema\/logo\/image\/\"},\"sameAs\":[\"https:\/\/www.facebook.com\/Imprenta-Grafi-Car-758527010874723\/\"]}]}<\/script>\n<!-- \/ Yoast SEO plugin. -->","yoast_head_json":{"title":"Impremta Digital Barcelona | Impremta GrafiCar - Impressi\u00f3 digital","description":"Impremta digital Barcelona Imprimim en alta resoluci\u00f3, impressi\u00f3 en petites quantitats de flyers, cat\u00e0legs, targetes, carpetes i llibres.","robots":{"index":"index","follow":"follow","max-snippet":"max-snippet:-1","max-image-preview":"max-image-preview:large","max-video-preview":"max-video-preview:-1"},"canonical":"https:\/\/www.imprentagraficar.es\/ca\/impressio-digital-barcelona\/","og_locale":"ca_ES","og_type":"article","og_title":"Impremta Digital Barcelona | Impremta GrafiCar - Impressi\u00f3 digital","og_description":"Impremta digital Barcelona Imprimim en alta resoluci\u00f3, impressi\u00f3 en petites quantitats de flyers, cat\u00e0legs, targetes, carpetes i llibres.","og_url":"https:\/\/www.imprentagraficar.es\/ca\/impressio-digital-barcelona\/","og_site_name":"Imprenta GrafiCar","article_publisher":"https:\/\/www.facebook.com\/Imprenta-Grafi-Car-758527010874723\/","article_modified_time":"2019-01-31T17:31:24+00:00","og_image":[{"width":620,"height":261,"url":"https:\/\/www.imprentagraficar.es\/wp-content\/uploads\/2017\/08\/Impresi\u00f3n-digital-Imprenta-GrafiCar.jpg","type":"image\/jpeg"}],"twitter_misc":{"Est. reading time":"3 minutes"},"schema":{"@context":"https:\/\/schema.org","@graph":[{"@type":"WebPage","@id":"https:\/\/www.imprentagraficar.es\/ca\/impressio-digital-barcelona\/","url":"https:\/\/www.imprentagraficar.es\/ca\/impressio-digital-barcelona\/","name":"Impremta Digital Barcelona | Impremta GrafiCar - Impressi\u00f3 digital","isPartOf":{"@id":"https:\/\/www.imprentagraficar.es\/ca\/#website"},"primaryImageOfPage":{"@id":"https:\/\/www.imprentagraficar.es\/ca\/impressio-digital-barcelona\/#primaryimage"},"image":{"@id":"https:\/\/www.imprentagraficar.es\/ca\/impressio-digital-barcelona\/#primaryimage"},"thumbnailUrl":"https:\/\/www.imprentagraficar.es\/wp-content\/uploads\/2017\/08\/Impresi\u00f3n-digital-Imprenta-GrafiCar.jpg","datePublished":"2017-08-29T13:16:20+00:00","dateModified":"2019-01-31T17:31:24+00:00","description":"Impremta digital Barcelona Imprimim en alta resoluci\u00f3, impressi\u00f3 en petites quantitats de flyers, cat\u00e0legs, targetes, carpetes i llibres.","breadcrumb":{"@id":"https:\/\/www.imprentagraficar.es\/ca\/impressio-digital-barcelona\/#breadcrumb"},"inLanguage":"ca-ES","potentialAction":[{"@type":"ReadAction","target":["https:\/\/www.imprentagraficar.es\/ca\/impressio-digital-barcelona\/"]}]},{"@type":"ImageObject","inLanguage":"ca-ES","@id":"https:\/\/www.imprentagraficar.es\/ca\/impressio-digital-barcelona\/#primaryimage","url":"https:\/\/www.imprentagraficar.es\/wp-content\/uploads\/2017\/08\/Impresi\u00f3n-digital-Imprenta-GrafiCar.jpg","contentUrl":"https:\/\/www.imprentagraficar.es\/wp-content\/uploads\/2017\/08\/Impresi\u00f3n-digital-Imprenta-GrafiCar.jpg","width":620,"height":261},{"@type":"BreadcrumbList","@id":"https:\/\/www.imprentagraficar.es\/ca\/impressio-digital-barcelona\/#breadcrumb","itemListElement":[{"@type":"ListItem","position":1,"name":"Portada","item":"https:\/\/www.imprentagraficar.es\/ca\/"},{"@type":"ListItem","position":2,"name":"Impressi\u00f3 digital Barcelona"}]},{"@type":"WebSite","@id":"https:\/\/www.imprentagraficar.es\/ca\/#website","url":"https:\/\/www.imprentagraficar.es\/ca\/","name":"Imprenta GrafiCar","description":"Expertos en impresiones offset, digital y artes gr\u00e1ficas en Barcelona.","publisher":{"@id":"https:\/\/www.imprentagraficar.es\/ca\/#organization"},"potentialAction":[{"@type":"SearchAction","target":{"@type":"EntryPoint","urlTemplate":"https:\/\/www.imprentagraficar.es\/ca\/?s={search_term_string}"},"query-input":{"@type":"PropertyValueSpecification","valueRequired":true,"valueName":"search_term_string"}}],"inLanguage":"ca-ES"},{"@type":"Organization","@id":"https:\/\/www.imprentagraficar.es\/ca\/#organization","name":"Imprenta Grafi Car","url":"https:\/\/www.imprentagraficar.es\/ca\/","logo":{"@type":"ImageObject","inLanguage":"ca-ES","@id":"https:\/\/www.imprentagraficar.es\/ca\/#\/schema\/logo\/image\/","url":"https:\/\/www.imprentagraficar.es\/wp-content\/uploads\/2016\/12\/graficar_235px.png","contentUrl":"https:\/\/www.imprentagraficar.es\/wp-content\/uploads\/2016\/12\/graficar_235px.png","width":235,"height":124,"caption":"Imprenta Grafi Car"},"image":{"@id":"https:\/\/www.imprentagraficar.es\/ca\/#\/schema\/logo\/image\/"},"sameAs":["https:\/\/www.facebook.com\/Imprenta-Grafi-Car-758527010874723\/"]}]}},"_links":{"self":[{"href":"https:\/\/www.imprentagraficar.es\/ca\/wp-json\/wp\/v2\/pages\/5269"}],"collection":[{"href":"https:\/\/www.imprentagraficar.es\/ca\/wp-json\/wp\/v2\/pages"}],"about":[{"href":"https:\/\/www.imprentagraficar.es\/ca\/wp-json\/wp\/v2\/types\/page"}],"author":[{"embeddable":true,"href":"https:\/\/www.imprentagraficar.es\/ca\/wp-json\/wp\/v2\/users\/3"}],"replies":[{"embeddable":true,"href":"https:\/\/www.imprentagraficar.es\/ca\/wp-json\/wp\/v2\/comments?post=5269"}],"version-history":[{"count":0,"href":"https:\/\/www.imprentagraficar.es\/ca\/wp-json\/wp\/v2\/pages\/5269\/revisions"}],"wp:featuredmedia":[{"embeddable":true,"href":"https:\/\/www.imprentagraficar.es\/ca\/wp-json\/wp\/v2\/media\/5298"}],"wp:attachment":[{"href":"https:\/\/www.imprentagraficar.es\/ca\/wp-json\/wp\/v2\/media?parent=5269"}],"curies":[{"name":"wp","href":"https:\/\/api.w.org\/{rel}","templated":true}]}}