{"id":4746,"date":"2012-05-04T19:05:11","date_gmt":"2012-05-04T19:05:11","guid":{"rendered":"http:\/\/www.imprentagraficar.es\/?page_id=4746"},"modified":"2019-05-16T13:46:32","modified_gmt":"2019-05-16T11:46:32","slug":"experts-en-impressio","status":"publish","type":"page","link":"https:\/\/www.imprentagraficar.es\/ca\/experts-en-impressio\/","title":{"rendered":"Descobreix-nos &#8211; Experts en impressi\u00f3 a Barcelona"},"content":{"rendered":"<section class=\"wpb-content-wrapper\"><p>[vc_row full_width=&#8221;stretch_row&#8221;][vc_column]<section style=\"background-color:rgba(0,0,0,0.21);\" id=\"single-69e5a846303d4\" class=\"header-single vertical-flex m0 image-bg  scrolled-no-hide parallax \" style=\"\"><div class=\"background-content\"><img loading=\"lazy\" decoding=\"async\" width=\"960\" height=\"639\" src=\"https:\/\/www.imprentagraficar.es\/wp-content\/uploads\/2017\/03\/imprenta-antigua.jpg\" class=\"background-image\" alt=\"Imprenta Grafi Car - Expertos en productos impresos en el Ensanche de Barcelona\" srcset=\"https:\/\/www.imprentagraficar.es\/wp-content\/uploads\/2017\/03\/imprenta-antigua.jpg 960w, https:\/\/www.imprentagraficar.es\/wp-content\/uploads\/2017\/03\/imprenta-antigua-300x200.jpg 300w, https:\/\/www.imprentagraficar.es\/wp-content\/uploads\/2017\/03\/imprenta-antigua-768x511.jpg 768w, https:\/\/www.imprentagraficar.es\/wp-content\/uploads\/2017\/03\/imprenta-antigua-600x400.jpg 600w\" sizes=\"(max-width: 960px) 100vw, 960px\" \/><div style=\"background-color:rgba(0,0,0,0.63); opacity:0.85;background:linear-gradient(to right, rgba(0,0,0,0.63) 0%,rgba(0,0,0,0.23) 100%);opacity:0.95!important;\" class=\"background-overlay\"><\/div><\/div><div  class=\"container vertical-flex-column item-content \"><div class=\"row\"><div class=\"standard-slide col-md-10 col-md-offset-1 col-sm-12 text-center\"><h1 class=\"heading-title-bold\">Experts en impressi\u00f3 a Barcelona<\/h1><div class=\"lead\" style=\"color:#bce2e2!important;\">Gaireb\u00e9 un segle oferint els millors productes d'impressi\u00f3 a Barcelona<\/div><div class=\"heading-content\"><\/div><div class=\"mt24 mt-xs-0\"><a  id=\"btn-69e5a846303d5\"  class=\"btn-sm-sm btn-lg m0 btn btn-filled  \" href= \"https:\/\/www.imprentagraficar.es\/ca\/contacta\/\"  >Contacta amb nosaltres<\/a><\/div>\n                <\/div><\/div><\/div><script type=\"text\/javascript\">jQuery(document).ready(function(){jQuery('head').append('<style type=\"text\/css\" id=\"tlg-custom-css-single-69e5a846303d4\">#single-69e5a846303d4 p, #single-69e5a846303d4 div{color:#0093ce!important;}<\/style>');});<\/script><\/section>[\/vc_column][\/vc_row][vc_row][vc_column][vc_column_text]<\/p>\n<h2 style=\"text-align: justify;\">Experi\u00e8ncia i tecnologia en impremta<\/h2>\n<p style=\"text-align: justify;\"><strong>Impremta GrafiCar<\/strong> \u00e9s una <strong>empresa gr\u00e0fica<\/strong> amb gaireb\u00e9 un segle d\u2019experi\u00e8ncia i una gran traject\u00f2ria en impressi\u00f3 de tot tipus d\u2019arts gr\u00e0fiques, <strong><a href=\"http:\/\/www.imprentagraficar.es\/ca\/impresion\/impressio-ofset\/\">impressi\u00f3 \u00f2fset<\/a><\/strong> i <a href=\"http:\/\/www.imprentagraficar.es\/ca\/impresion\/serveis-impressio-digital\/\">i<strong>mpressi\u00f3 digital<\/strong><\/a><strong> a Barcelona<\/strong>.<br \/>\nRealitzem encunyat, trepat, <em><a href=\"http:\/\/www.imprentagraficar.es\/ca\/impresion\/acabats-especials-manipulats\/\">acabats especials, manipulats<\/a><\/em> i una \u00e0mplia varietat de <em><a href=\"http:\/\/www.imprentagraficar.es\/ca\/impresion\/catalegs-revistes-enquadernats\/\">enquadernats<\/a><\/em>. T\u2019aconsellarem perqu\u00e8 puguis fer realitat les teves idees en objectes de gran valor art\u00edstic que podr\u00e0s convertir en originals regals d\u2019aniversari, o calendaris amb fotos personalitzades. Opta per un toc vintage amb el nostre baix relleu. Tamb\u00e9 pots donar-li a la teva empresa un aire formal i corporatiu a trav\u00e9s de <a href=\"http:\/\/www.imprentagraficar.es\/ca\/impresion\/talonaris-autocopiatius-blocs\/\"><em>talonaris personalitzats<\/em><\/a>, sobres, segells o<em><a href=\"http:\/\/www.imprentagraficar.es\/ca\/impresion\/targetes-de-visita\/\"> elegants targetes de visita<\/a><\/em> amb vern\u00eds amb relleu 3D, utilitzant el teu <em><a href=\"http:\/\/www.imprentagraficar.es\/ca\/impresion\/papereria-de-empresa\/\">logotip corporatiu<\/a><\/em>.<br \/>\nPer aix\u00f2 et convidem a con\u00e8ixer el nostre<em> <a href=\"http:\/\/www.imprentagraficar.es\/ca\/productes-impresos\/\">cat\u00e0leg de productes<\/a><\/em>, descobrir\u00e0s totes les possibilitats que podem oferir-te mitjan\u00e7ant els nostres <em><a href=\"http:\/\/www.imprentagraficar.es\/ca\/serveis-impressio\/\">serveis d\u2019impressi\u00f3<\/a><\/em>.<br \/>\nGr\u00e0cies a la nostra llarga experi\u00e8ncia gaudir\u00e0s del millor <a href=\"http:\/\/www.imprentagraficar.es\/ca\/contacta\/\">assessorament<\/a> perqu\u00e8 el teu producte impr\u00e8s s\u2019ajusti perfectament a les expectatives i necessitats, ajustant-se a la vegada al teu pressupost i temps de lliurament.<br \/>\nLa fidelitat dels clients avala la nostra professionalitat, perqu\u00e8 aconseguim <strong>resultats \u00f2ptims en impressi\u00f3<\/strong> i fem que assoleixin el millor resultat amb el seu disseny, l\u2019objectiu final de les arts gr\u00e0fiques.<\/p>\n<p>[\/vc_column_text][\/vc_column][\/vc_row]<\/p>\n<\/section>","protected":false},"excerpt":{"rendered":"<p>[vc_row full_width=&#8221;stretch_row&#8221;][vc_column][\/vc_column][\/vc_row][vc_row][vc_column][vc_column_text] Experi\u00e8ncia i tecnologia en impremta Impremta GrafiCar \u00e9s una empresa gr\u00e0fica amb gaireb\u00e9 un&#8230;<\/p>\n","protected":false},"author":4,"featured_media":3978,"parent":0,"menu_order":4,"comment_status":"closed","ping_status":"closed","template":"","meta":{"footnotes":""},"yoast_head":"<!-- This site is optimized with the Yoast SEO plugin v24.2 - https:\/\/yoast.com\/wordpress\/plugins\/seo\/ -->\n<title>Experts en Impressi\u00f3 a Barcelona - Arts Gr\u00e1fiques - Impressi\u00f3 Digital | Impremta GrafiCar<\/title>\n<meta name=\"description\" content=\"Imprenta GrafiCar - Experts en impressi\u00f3 offset e impressi\u00f3 digital. Descobreix-nos a l&#039;Eixample de Barcelona - gaudir\u00e0s del millor assessorament.\" \/>\n<meta name=\"robots\" content=\"index, follow, max-snippet:-1, max-image-preview:large, max-video-preview:-1\" \/>\n<link rel=\"canonical\" href=\"https:\/\/www.imprentagraficar.es\/ca\/experts-en-impressio\/\" \/>\n<meta property=\"og:locale\" content=\"ca_ES\" \/>\n<meta property=\"og:type\" content=\"article\" \/>\n<meta property=\"og:title\" content=\"Experts en Impressi\u00f3 a Barcelona - Arts Gr\u00e1fiques - Impressi\u00f3 Digital | Impremta GrafiCar\" \/>\n<meta property=\"og:description\" content=\"Imprenta GrafiCar - Experts en impressi\u00f3 offset e impressi\u00f3 digital. Descobreix-nos a l&#039;Eixample de Barcelona - gaudir\u00e0s del millor assessorament.\" \/>\n<meta property=\"og:url\" content=\"https:\/\/www.imprentagraficar.es\/ca\/experts-en-impressio\/\" \/>\n<meta property=\"og:site_name\" content=\"Imprenta GrafiCar\" \/>\n<meta property=\"article:publisher\" content=\"https:\/\/www.facebook.com\/Imprenta-Grafi-Car-758527010874723\/\" \/>\n<meta property=\"article:modified_time\" content=\"2019-05-16T11:46:32+00:00\" \/>\n<meta property=\"og:image\" content=\"https:\/\/www.imprentagraficar.es\/wp-content\/uploads\/2017\/03\/imprenta-madera.jpg\" \/>\n\t<meta property=\"og:image:width\" content=\"540\" \/>\n\t<meta property=\"og:image:height\" content=\"720\" \/>\n\t<meta property=\"og:image:type\" content=\"image\/jpeg\" \/>\n<meta name=\"twitter:label1\" content=\"Est. reading time\" \/>\n\t<meta name=\"twitter:data1\" content=\"2 minutes\" \/>\n<script type=\"application\/ld+json\" class=\"yoast-schema-graph\">{\"@context\":\"https:\/\/schema.org\",\"@graph\":[{\"@type\":\"WebPage\",\"@id\":\"https:\/\/www.imprentagraficar.es\/ca\/experts-en-impressio\/\",\"url\":\"https:\/\/www.imprentagraficar.es\/ca\/experts-en-impressio\/\",\"name\":\"Experts en Impressi\u00f3 a Barcelona - Arts Gr\u00e1fiques - Impressi\u00f3 Digital | Impremta GrafiCar\",\"isPartOf\":{\"@id\":\"https:\/\/www.imprentagraficar.es\/ca\/#website\"},\"primaryImageOfPage\":{\"@id\":\"https:\/\/www.imprentagraficar.es\/ca\/experts-en-impressio\/#primaryimage\"},\"image\":{\"@id\":\"https:\/\/www.imprentagraficar.es\/ca\/experts-en-impressio\/#primaryimage\"},\"thumbnailUrl\":\"https:\/\/www.imprentagraficar.es\/wp-content\/uploads\/2017\/03\/imprenta-madera.jpg\",\"datePublished\":\"2012-05-04T19:05:11+00:00\",\"dateModified\":\"2019-05-16T11:46:32+00:00\",\"description\":\"Imprenta GrafiCar - Experts en impressi\u00f3 offset e impressi\u00f3 digital. Descobreix-nos a l'Eixample de Barcelona - gaudir\u00e0s del millor assessorament.\",\"breadcrumb\":{\"@id\":\"https:\/\/www.imprentagraficar.es\/ca\/experts-en-impressio\/#breadcrumb\"},\"inLanguage\":\"ca-ES\",\"potentialAction\":[{\"@type\":\"ReadAction\",\"target\":[\"https:\/\/www.imprentagraficar.es\/ca\/experts-en-impressio\/\"]}]},{\"@type\":\"ImageObject\",\"inLanguage\":\"ca-ES\",\"@id\":\"https:\/\/www.imprentagraficar.es\/ca\/experts-en-impressio\/#primaryimage\",\"url\":\"https:\/\/www.imprentagraficar.es\/wp-content\/uploads\/2017\/03\/imprenta-madera.jpg\",\"contentUrl\":\"https:\/\/www.imprentagraficar.es\/wp-content\/uploads\/2017\/03\/imprenta-madera.jpg\",\"width\":540,\"height\":720,\"caption\":\"Impremta a Barcelona - Coneix-nos a l'eixample de barcelona - Experts en impressi\u00f3 a Barcelona\"},{\"@type\":\"BreadcrumbList\",\"@id\":\"https:\/\/www.imprentagraficar.es\/ca\/experts-en-impressio\/#breadcrumb\",\"itemListElement\":[{\"@type\":\"ListItem\",\"position\":1,\"name\":\"Portada\",\"item\":\"https:\/\/www.imprentagraficar.es\/ca\/\"},{\"@type\":\"ListItem\",\"position\":2,\"name\":\"Descobreix-nos &#8211; Experts en impressi\u00f3 a Barcelona\"}]},{\"@type\":\"WebSite\",\"@id\":\"https:\/\/www.imprentagraficar.es\/ca\/#website\",\"url\":\"https:\/\/www.imprentagraficar.es\/ca\/\",\"name\":\"Imprenta GrafiCar\",\"description\":\"Expertos en impresiones offset, digital y artes gr\u00e1ficas en Barcelona.\",\"publisher\":{\"@id\":\"https:\/\/www.imprentagraficar.es\/ca\/#organization\"},\"potentialAction\":[{\"@type\":\"SearchAction\",\"target\":{\"@type\":\"EntryPoint\",\"urlTemplate\":\"https:\/\/www.imprentagraficar.es\/ca\/?s={search_term_string}\"},\"query-input\":{\"@type\":\"PropertyValueSpecification\",\"valueRequired\":true,\"valueName\":\"search_term_string\"}}],\"inLanguage\":\"ca-ES\"},{\"@type\":\"Organization\",\"@id\":\"https:\/\/www.imprentagraficar.es\/ca\/#organization\",\"name\":\"Imprenta Grafi Car\",\"url\":\"https:\/\/www.imprentagraficar.es\/ca\/\",\"logo\":{\"@type\":\"ImageObject\",\"inLanguage\":\"ca-ES\",\"@id\":\"https:\/\/www.imprentagraficar.es\/ca\/#\/schema\/logo\/image\/\",\"url\":\"https:\/\/www.imprentagraficar.es\/wp-content\/uploads\/2016\/12\/graficar_235px.png\",\"contentUrl\":\"https:\/\/www.imprentagraficar.es\/wp-content\/uploads\/2016\/12\/graficar_235px.png\",\"width\":235,\"height\":124,\"caption\":\"Imprenta Grafi Car\"},\"image\":{\"@id\":\"https:\/\/www.imprentagraficar.es\/ca\/#\/schema\/logo\/image\/\"},\"sameAs\":[\"https:\/\/www.facebook.com\/Imprenta-Grafi-Car-758527010874723\/\"]}]}<\/script>\n<!-- \/ Yoast SEO plugin. -->","yoast_head_json":{"title":"Experts en Impressi\u00f3 a Barcelona - Arts Gr\u00e1fiques - Impressi\u00f3 Digital | Impremta GrafiCar","description":"Imprenta GrafiCar - Experts en impressi\u00f3 offset e impressi\u00f3 digital. Descobreix-nos a l'Eixample de Barcelona - gaudir\u00e0s del millor assessorament.","robots":{"index":"index","follow":"follow","max-snippet":"max-snippet:-1","max-image-preview":"max-image-preview:large","max-video-preview":"max-video-preview:-1"},"canonical":"https:\/\/www.imprentagraficar.es\/ca\/experts-en-impressio\/","og_locale":"ca_ES","og_type":"article","og_title":"Experts en Impressi\u00f3 a Barcelona - Arts Gr\u00e1fiques - Impressi\u00f3 Digital | Impremta GrafiCar","og_description":"Imprenta GrafiCar - Experts en impressi\u00f3 offset e impressi\u00f3 digital. Descobreix-nos a l'Eixample de Barcelona - gaudir\u00e0s del millor assessorament.","og_url":"https:\/\/www.imprentagraficar.es\/ca\/experts-en-impressio\/","og_site_name":"Imprenta GrafiCar","article_publisher":"https:\/\/www.facebook.com\/Imprenta-Grafi-Car-758527010874723\/","article_modified_time":"2019-05-16T11:46:32+00:00","og_image":[{"width":540,"height":720,"url":"https:\/\/www.imprentagraficar.es\/wp-content\/uploads\/2017\/03\/imprenta-madera.jpg","type":"image\/jpeg"}],"twitter_misc":{"Est. reading time":"2 minutes"},"schema":{"@context":"https:\/\/schema.org","@graph":[{"@type":"WebPage","@id":"https:\/\/www.imprentagraficar.es\/ca\/experts-en-impressio\/","url":"https:\/\/www.imprentagraficar.es\/ca\/experts-en-impressio\/","name":"Experts en Impressi\u00f3 a Barcelona - Arts Gr\u00e1fiques - Impressi\u00f3 Digital | Impremta GrafiCar","isPartOf":{"@id":"https:\/\/www.imprentagraficar.es\/ca\/#website"},"primaryImageOfPage":{"@id":"https:\/\/www.imprentagraficar.es\/ca\/experts-en-impressio\/#primaryimage"},"image":{"@id":"https:\/\/www.imprentagraficar.es\/ca\/experts-en-impressio\/#primaryimage"},"thumbnailUrl":"https:\/\/www.imprentagraficar.es\/wp-content\/uploads\/2017\/03\/imprenta-madera.jpg","datePublished":"2012-05-04T19:05:11+00:00","dateModified":"2019-05-16T11:46:32+00:00","description":"Imprenta GrafiCar - Experts en impressi\u00f3 offset e impressi\u00f3 digital. Descobreix-nos a l'Eixample de Barcelona - gaudir\u00e0s del millor assessorament.","breadcrumb":{"@id":"https:\/\/www.imprentagraficar.es\/ca\/experts-en-impressio\/#breadcrumb"},"inLanguage":"ca-ES","potentialAction":[{"@type":"ReadAction","target":["https:\/\/www.imprentagraficar.es\/ca\/experts-en-impressio\/"]}]},{"@type":"ImageObject","inLanguage":"ca-ES","@id":"https:\/\/www.imprentagraficar.es\/ca\/experts-en-impressio\/#primaryimage","url":"https:\/\/www.imprentagraficar.es\/wp-content\/uploads\/2017\/03\/imprenta-madera.jpg","contentUrl":"https:\/\/www.imprentagraficar.es\/wp-content\/uploads\/2017\/03\/imprenta-madera.jpg","width":540,"height":720,"caption":"Impremta a Barcelona - Coneix-nos a l'eixample de barcelona - Experts en impressi\u00f3 a Barcelona"},{"@type":"BreadcrumbList","@id":"https:\/\/www.imprentagraficar.es\/ca\/experts-en-impressio\/#breadcrumb","itemListElement":[{"@type":"ListItem","position":1,"name":"Portada","item":"https:\/\/www.imprentagraficar.es\/ca\/"},{"@type":"ListItem","position":2,"name":"Descobreix-nos &#8211; Experts en impressi\u00f3 a Barcelona"}]},{"@type":"WebSite","@id":"https:\/\/www.imprentagraficar.es\/ca\/#website","url":"https:\/\/www.imprentagraficar.es\/ca\/","name":"Imprenta GrafiCar","description":"Expertos en impresiones offset, digital y artes gr\u00e1ficas en Barcelona.","publisher":{"@id":"https:\/\/www.imprentagraficar.es\/ca\/#organization"},"potentialAction":[{"@type":"SearchAction","target":{"@type":"EntryPoint","urlTemplate":"https:\/\/www.imprentagraficar.es\/ca\/?s={search_term_string}"},"query-input":{"@type":"PropertyValueSpecification","valueRequired":true,"valueName":"search_term_string"}}],"inLanguage":"ca-ES"},{"@type":"Organization","@id":"https:\/\/www.imprentagraficar.es\/ca\/#organization","name":"Imprenta Grafi Car","url":"https:\/\/www.imprentagraficar.es\/ca\/","logo":{"@type":"ImageObject","inLanguage":"ca-ES","@id":"https:\/\/www.imprentagraficar.es\/ca\/#\/schema\/logo\/image\/","url":"https:\/\/www.imprentagraficar.es\/wp-content\/uploads\/2016\/12\/graficar_235px.png","contentUrl":"https:\/\/www.imprentagraficar.es\/wp-content\/uploads\/2016\/12\/graficar_235px.png","width":235,"height":124,"caption":"Imprenta Grafi Car"},"image":{"@id":"https:\/\/www.imprentagraficar.es\/ca\/#\/schema\/logo\/image\/"},"sameAs":["https:\/\/www.facebook.com\/Imprenta-Grafi-Car-758527010874723\/"]}]}},"_links":{"self":[{"href":"https:\/\/www.imprentagraficar.es\/ca\/wp-json\/wp\/v2\/pages\/4746"}],"collection":[{"href":"https:\/\/www.imprentagraficar.es\/ca\/wp-json\/wp\/v2\/pages"}],"about":[{"href":"https:\/\/www.imprentagraficar.es\/ca\/wp-json\/wp\/v2\/types\/page"}],"author":[{"embeddable":true,"href":"https:\/\/www.imprentagraficar.es\/ca\/wp-json\/wp\/v2\/users\/4"}],"replies":[{"embeddable":true,"href":"https:\/\/www.imprentagraficar.es\/ca\/wp-json\/wp\/v2\/comments?post=4746"}],"version-history":[{"count":1,"href":"https:\/\/www.imprentagraficar.es\/ca\/wp-json\/wp\/v2\/pages\/4746\/revisions"}],"predecessor-version":[{"id":5606,"href":"https:\/\/www.imprentagraficar.es\/ca\/wp-json\/wp\/v2\/pages\/4746\/revisions\/5606"}],"wp:featuredmedia":[{"embeddable":true,"href":"https:\/\/www.imprentagraficar.es\/ca\/wp-json\/wp\/v2\/media\/3978"}],"wp:attachment":[{"href":"https:\/\/www.imprentagraficar.es\/ca\/wp-json\/wp\/v2\/media?parent=4746"}],"curies":[{"name":"wp","href":"https:\/\/api.w.org\/{rel}","templated":true}]}}