{"id":4737,"date":"2017-04-13T11:18:52","date_gmt":"2017-04-13T10:18:52","guid":{"rendered":"http:\/\/www.imprentagraficar.es\/?page_id=4737"},"modified":"2019-05-02T11:29:40","modified_gmt":"2019-05-02T09:29:40","slug":"serveis-impressio","status":"publish","type":"page","link":"https:\/\/www.imprentagraficar.es\/ca\/serveis-impressio\/","title":{"rendered":"Els nostres serveis d&#8217;impressi\u00f3 a Barcelona"},"content":{"rendered":"<section class=\"wpb-content-wrapper\"><p>[vc_row full_width=&#8221;stretch_row&#8221;][vc_column]<section  id=\"single-69e5a8463185d\" class=\"header-single vertical-flex m0 image-bg  scrolled-no-hide parallax \" style=\"\"><div class=\"background-content\"><img loading=\"lazy\" decoding=\"async\" width=\"3088\" height=\"2056\" src=\"https:\/\/www.imprentagraficar.es\/wp-content\/uploads\/2017\/04\/maquina_offset_2.jpg\" class=\"background-image\" alt=\"Imprenta Grafi Car - Servicios de impresi\u00f3n en Barcelona - Conoce nuestros servicios de impresi\u00f3n - Impresi\u00f3n offset y digital en Barcelona\" srcset=\"https:\/\/www.imprentagraficar.es\/wp-content\/uploads\/2017\/04\/maquina_offset_2.jpg 3088w, https:\/\/www.imprentagraficar.es\/wp-content\/uploads\/2017\/04\/maquina_offset_2-300x200.jpg 300w, https:\/\/www.imprentagraficar.es\/wp-content\/uploads\/2017\/04\/maquina_offset_2-768x511.jpg 768w, https:\/\/www.imprentagraficar.es\/wp-content\/uploads\/2017\/04\/maquina_offset_2-1024x682.jpg 1024w, https:\/\/www.imprentagraficar.es\/wp-content\/uploads\/2017\/04\/maquina_offset_2-600x400.jpg 600w\" sizes=\"(max-width: 3088px) 100vw, 3088px\" \/><div  class=\"background-overlay\"><\/div><\/div><div  class=\"container vertical-flex-column item-content \"><div class=\"row\"><div class=\"standard-slide col-md-10 col-md-offset-1 col-sm-12 text-center\"><h1 class=\"heading-title-bold\">Serveis d'impressi\u00f3 a Barcelona<\/h1><div class=\"lead\" >A Impremta Grafi Car tenim tots els serveis d'impressi\u00f3 que necessites<\/div><div class=\"heading-content\"><\/div>\n                <\/div><\/div><\/div><\/section>[\/vc_column][\/vc_row][vc_row][vc_column][vc_column_text css=&#8221;.vc_custom_1556624864026{margin-bottom: 0px !important;padding-bottom: 0px !important;}&#8221;]<\/p>\n<h3 style=\"text-align: left;\">Serveis d&#8217;impressi\u00f3 a la teva mida<\/h3>\n<p style=\"text-align: left;\">Si despr\u00e9s de veure&#8217;ls creus que no trobes el que necessites, posa&#8217;t en <a href=\"http:\/\/www.imprentagraficar.es\/ca\/contacta\/?lang=ca\">contacte amb nosaltres<\/a>.<\/p>\n<p style=\"text-align: left;\">El nostre objectiu \u00e9s que aconsegueixis que el teu projecte es faci tangible, i s&#8217;adapti perfectament a les teves necessitats, expectatives i pressupost.<\/p>\n<p>[\/vc_column_text][\/vc_column][\/vc_row][vc_row tlg_padding=&#8221;pt0 pb0&#8243;][vc_column]<div id=\"accordion-69e5a84631bb2\"><ul class=\"accordion accordion-style-1 accordion-auto-close \"><li><div class=\"title\"><span>Impressi\u00f3 offset<\/span><\/div><div class=\"content\"><p><img loading=\"lazy\" decoding=\"async\" class=\"alignleft wp-image-4056 size-medium\" src=\"https:\/\/www.imprentagraficar.es\/wp-content\/uploads\/2012\/05\/pantone-cuadrado-300x273.jpg\" alt=\"carta de colores pantone\" width=\"300\" height=\"273\" srcset=\"https:\/\/www.imprentagraficar.es\/wp-content\/uploads\/2012\/05\/pantone-cuadrado-300x273.jpg 300w, https:\/\/www.imprentagraficar.es\/wp-content\/uploads\/2012\/05\/pantone-cuadrado.jpg 392w\" sizes=\"(max-width: 300px) 100vw, 300px\" \/><\/p>\n<p>\u00c9s el m\u00e8tode d&#8217;impressi\u00f3 indicat per a grans tiratges de volum per qualitat, rapidesa i cost. La impressi\u00f3 offset (impressi\u00f3 \u00f2fset) et permetr\u00e0 aconseguir la m\u00e0xima qualitat mitjan\u00e7ant l&#8217;\u00fas de tintes planes <a href=\"https:\/\/ca.wikipedia.org\/wiki\/Pantone\" target=\"_blank\" rel=\"noopener noreferrer\">pantone<\/a> o de <a href=\"https:\/\/ca.wikipedia.org\/wiki\/Model_de_color_CMYK\" target=\"_blank\" rel=\"noopener noreferrer\">quatricrom\u00eda<\/a>, sistema adequat quan es es busca un color molt personalitzat o es necessita alta producci\u00f3. Tamb\u00e9 admet pigments metal\u00b7litzats i fosforescents.<\/p>\n<p>En el proc\u00e9s d&#8217;\u00f2fset s&#8217;utilitzen planxes generades mitjan\u00e7ant <a href=\"https:\/\/ca.wikipedia.org\/wiki\/Computer_To_Plate\" target=\"_blank\" rel=\"noopener noreferrer\">CtP (computer to plate)<\/a> a partir d&#8217;un arxiu pdf en alta resoluci\u00f3 i tintes l\u00edquides.<\/p>\n<p>Molts colors pantone es poden reproduir sense problemes en <strong>cmyk<\/strong>, per\u00f2 \u00e9s millor revisar-ho perqu\u00e8 alguns tons no queden tan nets com fets amb la tinta directa l\u00edquida (els tons taronges i alguns violetes s\u00f3n molt vistosos en tinta directa).<\/p>\n<p>\n<\/div><\/li><li><div class=\"title\"><span>Impressi\u00f3 digital<\/span><\/div><div class=\"content\"><p><img loading=\"lazy\" decoding=\"async\" class=\"alignleft\" src=\"https:\/\/www.imprentagraficar.es\/wp-content\/uploads\/2017\/03\/ricohpro_c7100_bigCuadrada-300x281.jpg\" alt=\"Imprenta GrafiCar Barcelona - maquina digital - Impresi\u00f3n digital barcelona\" width=\"300\" height=\"281\" \/><\/p>\n<p>Comptem amb impressores digitals per a tiratges curts amb qualitat professional i preus econ\u00f2mics. La impressi\u00f3 digital sempre es realitza amb t\u00f2ner en cmyk (la barreja de 4 colors: cian, magenta, groc i negre). Tamb\u00e9 podem imprimir amb tinta blanca, sobre cartolines fosques.<\/p>\n<p>Imprimim en alta resoluci\u00f3, per la qual cosa la impressi\u00f3 en petites quantitats de flyers, cat\u00e0legs targetes, carpetes i llibres ja no \u00e9s un problema, amb un resultat de qualitat pr\u00e0cticament igual que la de l&#8217;\u00f2fset.<\/p>\n<p>\n<\/div><\/li><li><div class=\"title\"><span>Enviaments mailing<\/span><\/div><div class=\"content\"><p><img loading=\"lazy\" decoding=\"async\" class=\"alignleft size-medium wp-image-4192\" src=\"https:\/\/www.imprentagraficar.es\/wp-content\/uploads\/2012\/05\/mailing-300x273.jpg\" alt=\"Imprenta GrafiCar - servicios de impresi\u00f3n en Barcelona - mailing en Barcelona - Productos impresos en Barcelona - env\u00edos mailing\" width=\"300\" height=\"273\" srcset=\"https:\/\/www.imprentagraficar.es\/wp-content\/uploads\/2012\/05\/mailing-300x273.jpg 300w, https:\/\/www.imprentagraficar.es\/wp-content\/uploads\/2012\/05\/mailing.jpg 392w\" sizes=\"(max-width: 300px) 100vw, 300px\" \/>Si el que necessites \u00e9s marcar la difer\u00e8ncia i utilitzar un suport f\u00edsic per arribar als teus clients, pleguem, ensobrem, etiquetem o personalitzem els teus <a href=\"http:\/\/www.imprentagraficar.es\/ca\/impresion\/papereria-de-empresa\/?lang=ca\">sobres<\/a> a partir d&#8217;una base de dades i si ho desitges ho dipositem en correus. Tant el contingut com el sobre s\u00f3n totalment personalitzables.<\/p>\n<\/div><\/li><li><div class=\"title\"><span>Maquetaci\u00f3<\/span><\/div><div class=\"content\"><p><img loading=\"lazy\" decoding=\"async\" class=\"alignleft size-medium wp-image-4944\" src=\"https:\/\/www.imprentagraficar.es\/wp-content\/uploads\/2017\/05\/Imprenta-GrafiCar-Impresi\u00f3n-de-acuarelas-300x210.jpg\" alt=\"\" width=\"300\" height=\"210\" srcset=\"https:\/\/www.imprentagraficar.es\/wp-content\/uploads\/2017\/05\/Imprenta-GrafiCar-Impresi\u00f3n-de-acuarelas-300x210.jpg 300w, https:\/\/www.imprentagraficar.es\/wp-content\/uploads\/2017\/05\/Imprenta-GrafiCar-Impresi\u00f3n-de-acuarelas.jpg 600w\" sizes=\"(max-width: 300px) 100vw, 300px\" \/><\/p>\n<p>Dissenyem qualsevol format: targetes de visita, formularis, albarans i factures, tr\u00edptics, revistes, etiquetes adhesives, flyers, llibres i molt m\u00e9s.<\/p>\n<p>Si tens clara la teva idea, nosaltres la concretem de manera professional, et presentem el projecte en pdf i fem les correccions necess\u00e0ries fins que el treball est\u00e0 preparat per imprimir. Tindr\u00e0s la seguretat que no hi haur\u00e0 sorpreses en el resultat impr\u00e8s, perqu\u00e8 el projecte haur\u00e0 estat maquetat des del principi per professionals.<\/p>\n<p>\n<\/div><\/li><li><div class=\"title\"><span>Manipulats i acabats especials<\/span><\/div><div class=\"content\"><p><img loading=\"lazy\" decoding=\"async\" class=\"alignleft size-medium wp-image-4481\" src=\"https:\/\/www.imprentagraficar.es\/wp-content\/uploads\/2017\/04\/posavasos-personalizados-300x277.jpg\" alt=\"Imprenta GrafiCar - Papeler\u00eda para empresa - posavasos personalizados - Nuestros servicios de impresi\u00f3n - Manipulados y acabados especiales\" width=\"300\" height=\"277\" srcset=\"https:\/\/www.imprentagraficar.es\/wp-content\/uploads\/2017\/04\/posavasos-personalizados-300x277.jpg 300w, https:\/\/www.imprentagraficar.es\/wp-content\/uploads\/2017\/04\/posavasos-personalizados.jpg 650w\" sizes=\"(max-width: 300px) 100vw, 300px\" \/><\/p>\n<p>Realitzem tot tipus de manipulats: tall, plegats, fendits, relleus, enquadernacions, trepat, encunyat convencional i digital, laminats, estampaci\u00f3 \u2014stamping\u2014 en calent o digital, etc.<\/p>\n<\/div><\/li><\/ul><\/div>[\/vc_column][\/vc_row][vc_row tlg_padding=&#8221;pb0&#8243;][vc_column][vc_basic_grid post_type=&#8221;portfolio&#8221; max_items=&#8221;-1&#8243; element_width=&#8221;3&#8243; item=&#8221;5491&#8243; grid_id=&#8221;vc_gid:1556625046138-4c1363693e14b9375b58aa1bdedf61b6-0&#8243; taxonomies=&#8221;271&#8243; css=&#8221;.vc_custom_1556624940112{margin-bottom: 0px !important;padding-bottom: 0px !important;}&#8221;][\/vc_column][\/vc_row][vc_row][vc_column width=&#8221;1\/3&#8243;][\/vc_column][vc_column width=&#8221;1\/3&#8243;]<div class=\"\"><a  id=\"btn-69e5a84631d05\" class=\"btn btn-filled  ti-hand-point-right  btn-sm-sm\" href= \"http:\/\/www.imprentagraficar.es\/contacta\/\" target='_blank' >Contacta con nosotros<\/a><\/div>[\/vc_column][vc_column width=&#8221;1\/3&#8243;][\/vc_column][\/vc_row]<\/p>\n<\/section>","protected":false},"excerpt":{"rendered":"<p>[vc_row full_width=&#8221;stretch_row&#8221;][vc_column][\/vc_column][\/vc_row][vc_row][vc_column][vc_column_text css=&#8221;.vc_custom_1556624864026{margin-bottom: 0px !important;padding-bottom: 0px !important;}&#8221;] Serveis d&#8217;impressi\u00f3 a la teva mida Si despr\u00e9s de&#8230;<\/p>\n","protected":false},"author":3,"featured_media":3990,"parent":0,"menu_order":3,"comment_status":"closed","ping_status":"closed","template":"","meta":{"footnotes":""},"yoast_head":"<!-- This site is optimized with the Yoast SEO plugin v24.2 - https:\/\/yoast.com\/wordpress\/plugins\/seo\/ -->\n<title>Impremta GrafiCar - Serveis d&#039;impressi\u00f3 a Barcelona<\/title>\n<meta name=\"description\" content=\"Impremta GrafiCar - Coneix els nostres serveis d&#039;impressi\u00f3 en l&#039;Eixample de Barcelona. Som experts en Impressi\u00f3 Offset, Impressi\u00f3 Digital i Arts Gr\u00e0fiques\" \/>\n<meta name=\"robots\" content=\"index, follow, max-snippet:-1, max-image-preview:large, max-video-preview:-1\" \/>\n<link rel=\"canonical\" href=\"https:\/\/www.imprentagraficar.es\/ca\/serveis-impressio\/\" \/>\n<meta property=\"og:locale\" content=\"ca_ES\" \/>\n<meta property=\"og:type\" content=\"article\" \/>\n<meta property=\"og:title\" content=\"Impremta GrafiCar - Serveis d&#039;impressi\u00f3 a Barcelona\" \/>\n<meta property=\"og:description\" content=\"Impremta GrafiCar - Coneix els nostres serveis d&#039;impressi\u00f3 en l&#039;Eixample de Barcelona. Som experts en Impressi\u00f3 Offset, Impressi\u00f3 Digital i Arts Gr\u00e0fiques\" \/>\n<meta property=\"og:url\" content=\"https:\/\/www.imprentagraficar.es\/ca\/serveis-impressio\/\" \/>\n<meta property=\"og:site_name\" content=\"Imprenta GrafiCar\" \/>\n<meta property=\"article:publisher\" content=\"https:\/\/www.facebook.com\/Imprenta-Grafi-Car-758527010874723\/\" \/>\n<meta property=\"article:modified_time\" content=\"2019-05-02T09:29:40+00:00\" \/>\n<meta property=\"og:image\" content=\"https:\/\/www.imprentagraficar.es\/wp-content\/uploads\/2017\/03\/print-1822374_960_720.jpg\" \/>\n\t<meta property=\"og:image:width\" content=\"960\" \/>\n\t<meta property=\"og:image:height\" content=\"640\" \/>\n\t<meta property=\"og:image:type\" content=\"image\/jpeg\" \/>\n<meta name=\"twitter:label1\" content=\"Est. reading time\" \/>\n\t<meta name=\"twitter:data1\" content=\"3 minutes\" \/>\n<script type=\"application\/ld+json\" class=\"yoast-schema-graph\">{\"@context\":\"https:\/\/schema.org\",\"@graph\":[{\"@type\":\"WebPage\",\"@id\":\"https:\/\/www.imprentagraficar.es\/ca\/serveis-impressio\/\",\"url\":\"https:\/\/www.imprentagraficar.es\/ca\/serveis-impressio\/\",\"name\":\"Impremta GrafiCar - Serveis d'impressi\u00f3 a Barcelona\",\"isPartOf\":{\"@id\":\"https:\/\/www.imprentagraficar.es\/ca\/#website\"},\"primaryImageOfPage\":{\"@id\":\"https:\/\/www.imprentagraficar.es\/ca\/serveis-impressio\/#primaryimage\"},\"image\":{\"@id\":\"https:\/\/www.imprentagraficar.es\/ca\/serveis-impressio\/#primaryimage\"},\"thumbnailUrl\":\"https:\/\/www.imprentagraficar.es\/wp-content\/uploads\/2017\/03\/print-1822374_960_720.jpg\",\"datePublished\":\"2017-04-13T10:18:52+00:00\",\"dateModified\":\"2019-05-02T09:29:40+00:00\",\"description\":\"Impremta GrafiCar - Coneix els nostres serveis d'impressi\u00f3 en l'Eixample de Barcelona. Som experts en Impressi\u00f3 Offset, Impressi\u00f3 Digital i Arts Gr\u00e0fiques\",\"breadcrumb\":{\"@id\":\"https:\/\/www.imprentagraficar.es\/ca\/serveis-impressio\/#breadcrumb\"},\"inLanguage\":\"ca-ES\",\"potentialAction\":[{\"@type\":\"ReadAction\",\"target\":[\"https:\/\/www.imprentagraficar.es\/ca\/serveis-impressio\/\"]}]},{\"@type\":\"ImageObject\",\"inLanguage\":\"ca-ES\",\"@id\":\"https:\/\/www.imprentagraficar.es\/ca\/serveis-impressio\/#primaryimage\",\"url\":\"https:\/\/www.imprentagraficar.es\/wp-content\/uploads\/2017\/03\/print-1822374_960_720.jpg\",\"contentUrl\":\"https:\/\/www.imprentagraficar.es\/wp-content\/uploads\/2017\/03\/print-1822374_960_720.jpg\",\"width\":960,\"height\":640,\"caption\":\"Impremta Grafi Car - serveis d'impressi\u00f3 - Experts en impressi\u00f3 digital - Impressions digitals a Barcelona\"},{\"@type\":\"BreadcrumbList\",\"@id\":\"https:\/\/www.imprentagraficar.es\/ca\/serveis-impressio\/#breadcrumb\",\"itemListElement\":[{\"@type\":\"ListItem\",\"position\":1,\"name\":\"Portada\",\"item\":\"https:\/\/www.imprentagraficar.es\/ca\/\"},{\"@type\":\"ListItem\",\"position\":2,\"name\":\"Els nostres serveis d&#8217;impressi\u00f3 a Barcelona\"}]},{\"@type\":\"WebSite\",\"@id\":\"https:\/\/www.imprentagraficar.es\/ca\/#website\",\"url\":\"https:\/\/www.imprentagraficar.es\/ca\/\",\"name\":\"Imprenta GrafiCar\",\"description\":\"Expertos en impresiones offset, digital y artes gr\u00e1ficas en Barcelona.\",\"publisher\":{\"@id\":\"https:\/\/www.imprentagraficar.es\/ca\/#organization\"},\"potentialAction\":[{\"@type\":\"SearchAction\",\"target\":{\"@type\":\"EntryPoint\",\"urlTemplate\":\"https:\/\/www.imprentagraficar.es\/ca\/?s={search_term_string}\"},\"query-input\":{\"@type\":\"PropertyValueSpecification\",\"valueRequired\":true,\"valueName\":\"search_term_string\"}}],\"inLanguage\":\"ca-ES\"},{\"@type\":\"Organization\",\"@id\":\"https:\/\/www.imprentagraficar.es\/ca\/#organization\",\"name\":\"Imprenta Grafi Car\",\"url\":\"https:\/\/www.imprentagraficar.es\/ca\/\",\"logo\":{\"@type\":\"ImageObject\",\"inLanguage\":\"ca-ES\",\"@id\":\"https:\/\/www.imprentagraficar.es\/ca\/#\/schema\/logo\/image\/\",\"url\":\"https:\/\/www.imprentagraficar.es\/wp-content\/uploads\/2016\/12\/graficar_235px.png\",\"contentUrl\":\"https:\/\/www.imprentagraficar.es\/wp-content\/uploads\/2016\/12\/graficar_235px.png\",\"width\":235,\"height\":124,\"caption\":\"Imprenta Grafi Car\"},\"image\":{\"@id\":\"https:\/\/www.imprentagraficar.es\/ca\/#\/schema\/logo\/image\/\"},\"sameAs\":[\"https:\/\/www.facebook.com\/Imprenta-Grafi-Car-758527010874723\/\"]}]}<\/script>\n<!-- \/ Yoast SEO plugin. -->","yoast_head_json":{"title":"Impremta GrafiCar - Serveis d'impressi\u00f3 a Barcelona","description":"Impremta GrafiCar - Coneix els nostres serveis d'impressi\u00f3 en l'Eixample de Barcelona. Som experts en Impressi\u00f3 Offset, Impressi\u00f3 Digital i Arts Gr\u00e0fiques","robots":{"index":"index","follow":"follow","max-snippet":"max-snippet:-1","max-image-preview":"max-image-preview:large","max-video-preview":"max-video-preview:-1"},"canonical":"https:\/\/www.imprentagraficar.es\/ca\/serveis-impressio\/","og_locale":"ca_ES","og_type":"article","og_title":"Impremta GrafiCar - Serveis d'impressi\u00f3 a Barcelona","og_description":"Impremta GrafiCar - Coneix els nostres serveis d'impressi\u00f3 en l'Eixample de Barcelona. Som experts en Impressi\u00f3 Offset, Impressi\u00f3 Digital i Arts Gr\u00e0fiques","og_url":"https:\/\/www.imprentagraficar.es\/ca\/serveis-impressio\/","og_site_name":"Imprenta GrafiCar","article_publisher":"https:\/\/www.facebook.com\/Imprenta-Grafi-Car-758527010874723\/","article_modified_time":"2019-05-02T09:29:40+00:00","og_image":[{"width":960,"height":640,"url":"https:\/\/www.imprentagraficar.es\/wp-content\/uploads\/2017\/03\/print-1822374_960_720.jpg","type":"image\/jpeg"}],"twitter_misc":{"Est. reading time":"3 minutes"},"schema":{"@context":"https:\/\/schema.org","@graph":[{"@type":"WebPage","@id":"https:\/\/www.imprentagraficar.es\/ca\/serveis-impressio\/","url":"https:\/\/www.imprentagraficar.es\/ca\/serveis-impressio\/","name":"Impremta GrafiCar - Serveis d'impressi\u00f3 a Barcelona","isPartOf":{"@id":"https:\/\/www.imprentagraficar.es\/ca\/#website"},"primaryImageOfPage":{"@id":"https:\/\/www.imprentagraficar.es\/ca\/serveis-impressio\/#primaryimage"},"image":{"@id":"https:\/\/www.imprentagraficar.es\/ca\/serveis-impressio\/#primaryimage"},"thumbnailUrl":"https:\/\/www.imprentagraficar.es\/wp-content\/uploads\/2017\/03\/print-1822374_960_720.jpg","datePublished":"2017-04-13T10:18:52+00:00","dateModified":"2019-05-02T09:29:40+00:00","description":"Impremta GrafiCar - Coneix els nostres serveis d'impressi\u00f3 en l'Eixample de Barcelona. Som experts en Impressi\u00f3 Offset, Impressi\u00f3 Digital i Arts Gr\u00e0fiques","breadcrumb":{"@id":"https:\/\/www.imprentagraficar.es\/ca\/serveis-impressio\/#breadcrumb"},"inLanguage":"ca-ES","potentialAction":[{"@type":"ReadAction","target":["https:\/\/www.imprentagraficar.es\/ca\/serveis-impressio\/"]}]},{"@type":"ImageObject","inLanguage":"ca-ES","@id":"https:\/\/www.imprentagraficar.es\/ca\/serveis-impressio\/#primaryimage","url":"https:\/\/www.imprentagraficar.es\/wp-content\/uploads\/2017\/03\/print-1822374_960_720.jpg","contentUrl":"https:\/\/www.imprentagraficar.es\/wp-content\/uploads\/2017\/03\/print-1822374_960_720.jpg","width":960,"height":640,"caption":"Impremta Grafi Car - serveis d'impressi\u00f3 - Experts en impressi\u00f3 digital - Impressions digitals a Barcelona"},{"@type":"BreadcrumbList","@id":"https:\/\/www.imprentagraficar.es\/ca\/serveis-impressio\/#breadcrumb","itemListElement":[{"@type":"ListItem","position":1,"name":"Portada","item":"https:\/\/www.imprentagraficar.es\/ca\/"},{"@type":"ListItem","position":2,"name":"Els nostres serveis d&#8217;impressi\u00f3 a Barcelona"}]},{"@type":"WebSite","@id":"https:\/\/www.imprentagraficar.es\/ca\/#website","url":"https:\/\/www.imprentagraficar.es\/ca\/","name":"Imprenta GrafiCar","description":"Expertos en impresiones offset, digital y artes gr\u00e1ficas en Barcelona.","publisher":{"@id":"https:\/\/www.imprentagraficar.es\/ca\/#organization"},"potentialAction":[{"@type":"SearchAction","target":{"@type":"EntryPoint","urlTemplate":"https:\/\/www.imprentagraficar.es\/ca\/?s={search_term_string}"},"query-input":{"@type":"PropertyValueSpecification","valueRequired":true,"valueName":"search_term_string"}}],"inLanguage":"ca-ES"},{"@type":"Organization","@id":"https:\/\/www.imprentagraficar.es\/ca\/#organization","name":"Imprenta Grafi Car","url":"https:\/\/www.imprentagraficar.es\/ca\/","logo":{"@type":"ImageObject","inLanguage":"ca-ES","@id":"https:\/\/www.imprentagraficar.es\/ca\/#\/schema\/logo\/image\/","url":"https:\/\/www.imprentagraficar.es\/wp-content\/uploads\/2016\/12\/graficar_235px.png","contentUrl":"https:\/\/www.imprentagraficar.es\/wp-content\/uploads\/2016\/12\/graficar_235px.png","width":235,"height":124,"caption":"Imprenta Grafi Car"},"image":{"@id":"https:\/\/www.imprentagraficar.es\/ca\/#\/schema\/logo\/image\/"},"sameAs":["https:\/\/www.facebook.com\/Imprenta-Grafi-Car-758527010874723\/"]}]}},"_links":{"self":[{"href":"https:\/\/www.imprentagraficar.es\/ca\/wp-json\/wp\/v2\/pages\/4737"}],"collection":[{"href":"https:\/\/www.imprentagraficar.es\/ca\/wp-json\/wp\/v2\/pages"}],"about":[{"href":"https:\/\/www.imprentagraficar.es\/ca\/wp-json\/wp\/v2\/types\/page"}],"author":[{"embeddable":true,"href":"https:\/\/www.imprentagraficar.es\/ca\/wp-json\/wp\/v2\/users\/3"}],"replies":[{"embeddable":true,"href":"https:\/\/www.imprentagraficar.es\/ca\/wp-json\/wp\/v2\/comments?post=4737"}],"version-history":[{"count":0,"href":"https:\/\/www.imprentagraficar.es\/ca\/wp-json\/wp\/v2\/pages\/4737\/revisions"}],"wp:featuredmedia":[{"embeddable":true,"href":"https:\/\/www.imprentagraficar.es\/ca\/wp-json\/wp\/v2\/media\/3990"}],"wp:attachment":[{"href":"https:\/\/www.imprentagraficar.es\/ca\/wp-json\/wp\/v2\/media?parent=4737"}],"curies":[{"name":"wp","href":"https:\/\/api.w.org\/{rel}","templated":true}]}}