{"id":4415,"date":"2017-04-07T09:34:07","date_gmt":"2017-04-07T08:34:07","guid":{"rendered":"http:\/\/www.imprentagraficar.es\/?page_id=4415"},"modified":"2024-07-13T18:38:22","modified_gmt":"2024-07-13T16:38:22","slug":"impremta-graficar-impremta-a-barcelona-impressio-a-barcelona","status":"publish","type":"page","link":"https:\/\/www.imprentagraficar.es\/ca\/","title":{"rendered":"Impremta GrafiCar &#8211; Impremta a Barcelona &#8211; Impressi\u00f3 a Barcelona"},"content":{"rendered":"<section class=\"wpb-content-wrapper\"><p>[vc_row full_width=&#8221;stretch_row&#8221; tlg_padding=&#8221;pb0&#8243;][vc_column]<section  id=\"single-69e5916082c57\" class=\"header-single vertical-flex m0 image-bg  scrolled-no-hide parallax \" style=\"\"><div class=\"background-content\"><img loading=\"lazy\" decoding=\"async\" width=\"960\" height=\"640\" src=\"https:\/\/www.imprentagraficar.es\/wp-content\/uploads\/2017\/03\/Imprenta-Grafi-Car-Impresi\u00f3n-Offset-Artes-Gr\u00e1ficas-Impresi\u00f3n-Digital.jpg\" class=\"background-image\" alt=\"Imprenta Grafi Car en Barcelona - Impresi\u00f3n Offset - Impresi\u00f3n digital - Artes gr\u00e1ficas\" srcset=\"https:\/\/www.imprentagraficar.es\/wp-content\/uploads\/2017\/03\/Imprenta-Grafi-Car-Impresi\u00f3n-Offset-Artes-Gr\u00e1ficas-Impresi\u00f3n-Digital.jpg 960w, https:\/\/www.imprentagraficar.es\/wp-content\/uploads\/2017\/03\/Imprenta-Grafi-Car-Impresi\u00f3n-Offset-Artes-Gr\u00e1ficas-Impresi\u00f3n-Digital-300x200.jpg 300w, https:\/\/www.imprentagraficar.es\/wp-content\/uploads\/2017\/03\/Imprenta-Grafi-Car-Impresi\u00f3n-Offset-Artes-Gr\u00e1ficas-Impresi\u00f3n-Digital-768x512.jpg 768w, https:\/\/www.imprentagraficar.es\/wp-content\/uploads\/2017\/03\/Imprenta-Grafi-Car-Impresi\u00f3n-Offset-Artes-Gr\u00e1ficas-Impresi\u00f3n-Digital-600x400.jpg 600w\" sizes=\"(max-width: 960px) 100vw, 960px\" \/><div  class=\"background-overlay\"><\/div><\/div><div  class=\"container vertical-flex-column item-content \"><div class=\"row\"><div class=\"standard-slide col-md-10 col-md-offset-1 col-sm-12 text-center\"><div class=\"heading-content\"><\/p>\n<h1><span style=\"color: #ffffff;\"><img loading=\"lazy\" decoding=\"async\" class=\"size-medium wp-image-6697 aligncenter\" src=\"https:\/\/www.imprentagraficar.es\/wp-content\/uploads\/2021\/12\/graficarBlanco512-300x117.png\" alt=\"Imprenta Grafi Car - Impresi\u00f3n digital - Impresi\u00f3n offset - Imprenta en Barcelona\" width=\"300\" height=\"117\" srcset=\"https:\/\/www.imprentagraficar.es\/wp-content\/uploads\/2021\/12\/graficarBlanco512-300x117.png 300w, https:\/\/www.imprentagraficar.es\/wp-content\/uploads\/2021\/12\/graficarBlanco512-1024x400.png 1024w, https:\/\/www.imprentagraficar.es\/wp-content\/uploads\/2021\/12\/graficarBlanco512-768x300.png 768w, https:\/\/www.imprentagraficar.es\/wp-content\/uploads\/2021\/12\/graficarBlanco512-1536x600.png 1536w, https:\/\/www.imprentagraficar.es\/wp-content\/uploads\/2021\/12\/graficarBlanco512-2048x800.png 2048w\" sizes=\"(max-width: 300px) 100vw, 300px\" \/>Impremta a Barcelona des de 1935<\/span><\/h1>\n<h2><span style=\"color: #99ccff;\">Experts en impressi\u00f3 offset, digital i arts gr\u00e0fiques<\/span><\/h2>\n<p>\n<\/div><div class=\"mt24 mt-xs-0\"><a style=\"color:#ffffff;background-color:#0a0a0a;border-color:transparent;\" id=\"btn-69e5916082c58\"  class=\"btn-sm-sm btn-lg m0 btn  \" href= \"https:\/\/www.imprentagraficar.es\/ca\/contacta\/\"  >Contacta amb nosaltres<\/a><\/div>\n                <\/div><\/div><\/div><script type=\"text\/javascript\">jQuery(document).ready(function(){jQuery('head').append('<style type=\"text\/css\" id=\"tlg-custom-css-single-69e5916082c57\">#btn-69e5916082c58:hover{color:#0a0a0a!important;background-color:#ffffff!important;border-color:#0a0a0a!important;}<\/style>');});<\/script><\/section>[\/vc_column][\/vc_row][vc_row tlg_padding=&#8221;pb0&#8243; css=&#8221;.vc_custom_1556795187268{margin-top: 60px !important;margin-bottom: 20px !important;}&#8221;][vc_column][vc_column_text el_class=&#8221;justificado&#8221; el_id=&#8221;textoIntro&#8221;]<\/p>\n<h3>Experts en impressi\u00f3 a Barcelona<\/h3>\n<p style=\"text-align: left;\">Som una impremta a Barcelona amb gaireb\u00e9 un segle de traject\u00f2ria oferint tot tipus de serveis d&#8217;impressi\u00f3: <strong>impressi\u00f3 ofset<\/strong>, <strong>impressi\u00f3 digital<\/strong> i <strong>arts gr\u00e0fiques<\/strong>.\u00a0Gr\u00e0cies a la nostra llarga experi\u00e8ncia com a <strong>empresa gr\u00e0fica<\/strong> podem oferir-te el millor assessorament perqu\u00e8 el teu producte impr\u00e8s s&#8217;ajusti perfectament a les teves expectatives i necessitats, ajustant-se alhora al <strong>teu pressupost<\/strong> i <strong>temps de lliurament<\/strong>.<\/p>\n<p style=\"text-align: left;\">Per aix\u00f2 et convidem a con\u00e8ixer el nostre <a href=\"https:\/\/www.imprentagraficar.es\/?page_id=228\" target=\"_blank\" rel=\"noopener noreferrer\">cat\u00e0leg de productes<\/a> perqu\u00e8 descobreixis totes les possibilitats que t&#8217;oferim a trav\u00e9s dels nostres <a href=\"https:\/\/www.imprentagraficar.es\/ca\/serveis-impressio\/\">serveis d&#8217;impressi\u00f3 a Barcelona<\/a>. En el nostre <a href=\"https:\/\/www.imprentagraficar.es\/imprenta-graficar-blog\/\">blog<\/a> podr\u00e0s trobar algunes recomanacions per imprimir, algunes <em>t\u00e8cniques d&#8217;impressi\u00f3<\/em> que dominem, exemples dels nostres treballs i fins i tot consells sobre quin<a href=\"https:\/\/www.imprentagraficar.es\/utilizar-impresion-digital-o-impresion-ofset\/\"> tipus d&#8217;impressi\u00f3<\/a> \u00e9s m\u00e9s adequat per al teu projecte. Tamb\u00e9 t&#8217;oferim idees perqu\u00e8 puguis crear els millors dissenys originals. Com treballem amb <a href=\"http:\/\/www.imprentagraficar.es\/ca\/impressio-digital-barcelona\/\">impressi\u00f3 digital<\/a> i <a href=\"http:\/\/www.imprentagraficar.es\/ca\/impressio-offset-barcelona\/\">impressi\u00f3 ofset<\/a>, estem segurs que podem aconseguir el que est\u00e0s buscant.<\/p>\n<p style=\"text-align: left;\">A <strong>Impremta GrafiCar<\/strong> podr\u00e0s crear els teus productes impresos tal com els havies imaginat, perqu\u00e8 la nostra experi\u00e8ncia, el coneixement del negoci i les m\u00e0quines que utilitzem ens permeten treballar amb moltes t\u00e8cniques d&#8217;impressi\u00f3 i infinitat de materials. Si necessites <strong><a href=\"https:\/\/www.imprentagraficar.es\/ca\/impresion\/targetes-de-visita\/\">targetes<\/a><\/strong>, <a href=\"https:\/\/www.imprentagraficar.es\/ca\/impresion\/catalegs-revistes-enquadernats\/\"><strong>llibres<\/strong>, <strong>cat\u00e0legs<\/strong><\/a>, <strong><a href=\"https:\/\/www.imprentagraficar.es\/ca\/impresion\/etiquetes-adhesives\/\">etiquetes<\/a><\/strong>, <strong><a href=\"https:\/\/www.imprentagraficar.es\/ca\/impresion\/flyers-fullets-desplegables\/\">flyers<\/a><\/strong>, pots comptar amb nosaltres. Tamb\u00e9 treballem amb grans volums, aix\u00ed que no dubtis si el que necessites \u00e9s <a href=\"https:\/\/www.imprentagraficar.es\/impresion\/cartas-restaurantes\/\">papereria per a la teva empresa<\/a> o <strong>grans tiratges<\/strong>. Fins i tot si est\u00e0s buscant alguna cosa que no trobes en el nostre portfoli, truca&#8217;ns i segur que podem ajudar-te.<\/p>\n<p>[\/vc_column_text][\/vc_column][\/vc_row][vc_row css=&#8221;.vc_custom_1556099597015{margin-top: 0px !important;}&#8221;][vc_column]<div class=\"headings-title\"><div class=\"mb72 mb16 mb-xs-40 text-center\"><h5  class=\"widgettitle mb0\">Productes impresos<\/h5><div  class=\"widgetsubtitle\">Impressi\u00f3 offset i digital<\/div><\/div><\/div>[vc_basic_grid post_type=&#8221;portfolio&#8221; max_items=&#8221;-1&#8243; element_width=&#8221;3&#8243; order=&#8221;ASC&#8221; item=&#8221;5491&#8243; grid_id=&#8221;vc_gid:1720888580710-de51ab7902ce1b25fefd803ccd73fbaa-0&#8243; exclude=&#8221;3898, 3807&#8243; taxonomies=&#8221;270&#8243;][\/vc_column][\/vc_row][vc_row][vc_column]<div class=\"headings-title\"><div class=\"mb72  mb-xs-40 text-center\"><h5  class=\"widgettitle \">Els nostres clients<\/h5><div class=\"divider-wrap\"><i  class=\"ti-link\"><\/i><div class=\"tlg-divider\" style=\"background-color: transparent\"><\/div><\/div><div  class=\"widgetsubtitle\">La confian\u00e7a dels nostres clients \u00e9s el m\u00e9s important<\/div><\/div><\/div><div class=\"logo-carousel\"><ul class=\"slides\"><li>\r\n    <img loading=\"lazy\" decoding=\"async\" width=\"329\" height=\"329\" src=\"https:\/\/www.imprentagraficar.es\/wp-content\/uploads\/2017\/06\/Clientes-imprenta-barcelona-pilma.png\" class=\"attachment-full size-full wp-post-image\" alt=\"Clientes impremta a barcelona - pilma\" srcset=\"https:\/\/www.imprentagraficar.es\/wp-content\/uploads\/2017\/06\/Clientes-imprenta-barcelona-pilma.png 329w, https:\/\/www.imprentagraficar.es\/wp-content\/uploads\/2017\/06\/Clientes-imprenta-barcelona-pilma-150x150.png 150w, https:\/\/www.imprentagraficar.es\/wp-content\/uploads\/2017\/06\/Clientes-imprenta-barcelona-pilma-300x300.png 300w, https:\/\/www.imprentagraficar.es\/wp-content\/uploads\/2017\/06\/Clientes-imprenta-barcelona-pilma-60x60.png 60w\" sizes=\"(max-width: 329px) 100vw, 329px\" \/><\/li><li>\r\n    <img loading=\"lazy\" decoding=\"async\" width=\"329\" height=\"329\" src=\"https:\/\/www.imprentagraficar.es\/wp-content\/uploads\/2017\/06\/Clientes-imprenta-en-barcelona-nacex.png\" class=\"attachment-full size-full wp-post-image\" alt=\"Clients impremta a barcelona - nacex\" srcset=\"https:\/\/www.imprentagraficar.es\/wp-content\/uploads\/2017\/06\/Clientes-imprenta-en-barcelona-nacex.png 329w, https:\/\/www.imprentagraficar.es\/wp-content\/uploads\/2017\/06\/Clientes-imprenta-en-barcelona-nacex-150x150.png 150w, https:\/\/www.imprentagraficar.es\/wp-content\/uploads\/2017\/06\/Clientes-imprenta-en-barcelona-nacex-300x300.png 300w, https:\/\/www.imprentagraficar.es\/wp-content\/uploads\/2017\/06\/Clientes-imprenta-en-barcelona-nacex-60x60.png 60w\" sizes=\"(max-width: 329px) 100vw, 329px\" \/><\/li><li>\r\n    <img loading=\"lazy\" decoding=\"async\" width=\"626\" height=\"213\" src=\"https:\/\/www.imprentagraficar.es\/wp-content\/uploads\/2017\/05\/Clientes-imprenta-barcelona-muebles-la-fabrica.jpg\" class=\"attachment-full size-full wp-post-image\" alt=\"Clientes imprenta barcelona - muebles la fabrica\" srcset=\"https:\/\/www.imprentagraficar.es\/wp-content\/uploads\/2017\/05\/Clientes-imprenta-barcelona-muebles-la-fabrica.jpg 626w, https:\/\/www.imprentagraficar.es\/wp-content\/uploads\/2017\/05\/Clientes-imprenta-barcelona-muebles-la-fabrica-300x102.jpg 300w\" sizes=\"(max-width: 626px) 100vw, 626px\" \/><\/li><li>\r\n    <img loading=\"lazy\" decoding=\"async\" width=\"303\" height=\"213\" src=\"https:\/\/www.imprentagraficar.es\/wp-content\/uploads\/2017\/05\/Clientes-Ona-hotels.jpg\" class=\"attachment-full size-full wp-post-image\" alt=\"Clientes-imprenta-barcelona-ona-hotels\" srcset=\"https:\/\/www.imprentagraficar.es\/wp-content\/uploads\/2017\/05\/Clientes-Ona-hotels.jpg 303w, https:\/\/www.imprentagraficar.es\/wp-content\/uploads\/2017\/05\/Clientes-Ona-hotels-300x211.jpg 300w\" sizes=\"(max-width: 303px) 100vw, 303px\" \/><\/li><li>\r\n    <img loading=\"lazy\" decoding=\"async\" width=\"329\" height=\"329\" src=\"https:\/\/www.imprentagraficar.es\/wp-content\/uploads\/2017\/06\/Clientes-imprenta-barcelona-dupont.png\" class=\"attachment-full size-full wp-post-image\" alt=\"Clients imprenta a barcelona - dupont\" srcset=\"https:\/\/www.imprentagraficar.es\/wp-content\/uploads\/2017\/06\/Clientes-imprenta-barcelona-dupont.png 329w, https:\/\/www.imprentagraficar.es\/wp-content\/uploads\/2017\/06\/Clientes-imprenta-barcelona-dupont-150x150.png 150w, https:\/\/www.imprentagraficar.es\/wp-content\/uploads\/2017\/06\/Clientes-imprenta-barcelona-dupont-300x300.png 300w, https:\/\/www.imprentagraficar.es\/wp-content\/uploads\/2017\/06\/Clientes-imprenta-barcelona-dupont-60x60.png 60w\" sizes=\"(max-width: 329px) 100vw, 329px\" \/><\/li><li>\r\n    <a href=\"https:\/\/casacarmenrestaurant.com\" target=\"_blank\"><img loading=\"lazy\" decoding=\"async\" width=\"2151\" height=\"2152\" src=\"https:\/\/www.imprentagraficar.es\/wp-content\/uploads\/2017\/05\/LogoCasaCarmen.png\" class=\"attachment-full size-full wp-post-image\" alt=\"Logo Casa Carmen Restaurant\" srcset=\"https:\/\/www.imprentagraficar.es\/wp-content\/uploads\/2017\/05\/LogoCasaCarmen.png 2151w, https:\/\/www.imprentagraficar.es\/wp-content\/uploads\/2017\/05\/LogoCasaCarmen-150x150.png 150w, https:\/\/www.imprentagraficar.es\/wp-content\/uploads\/2017\/05\/LogoCasaCarmen-300x300.png 300w, https:\/\/www.imprentagraficar.es\/wp-content\/uploads\/2017\/05\/LogoCasaCarmen-768x768.png 768w, https:\/\/www.imprentagraficar.es\/wp-content\/uploads\/2017\/05\/LogoCasaCarmen-1024x1024.png 1024w, https:\/\/www.imprentagraficar.es\/wp-content\/uploads\/2017\/05\/LogoCasaCarmen-60x60.png 60w\" sizes=\"(max-width: 2151px) 100vw, 2151px\" \/><\/a><\/li><\/ul><\/div>[\/vc_column][\/vc_row]<\/p>\n<\/section>","protected":false},"excerpt":{"rendered":"<p>[vc_row full_width=&#8221;stretch_row&#8221; tlg_padding=&#8221;pb0&#8243;][vc_column][\/vc_column][\/vc_row][vc_row tlg_padding=&#8221;pb0&#8243; css=&#8221;.vc_custom_1556795187268{margin-top: 60px !important;margin-bottom: 20px !important;}&#8221;][vc_column][vc_column_text el_class=&#8221;justificado&#8221; el_id=&#8221;textoIntro&#8221;] Experts en impressi\u00f3 a Barcelona&#8230;<\/p>\n","protected":false},"author":3,"featured_media":3982,"parent":0,"menu_order":1,"comment_status":"closed","ping_status":"closed","template":"","meta":{"footnotes":""},"yoast_head":"<!-- This site is optimized with the Yoast SEO plugin v24.2 - https:\/\/yoast.com\/wordpress\/plugins\/seo\/ -->\n<title>Impremta GrafiCar - Impressi\u00f3 \u00d2fset i Digital a Barcelona<\/title>\n<meta name=\"description\" content=\"Impremta GrafiCar - Impremta a Barcelona. Experts en serveis d&#039; impressi\u00f3 offset i digital a Barcelona. Coneixe els nostres productes i arts grafiques.\" \/>\n<meta name=\"robots\" content=\"index, follow, max-snippet:-1, max-image-preview:large, max-video-preview:-1\" \/>\n<link rel=\"canonical\" href=\"https:\/\/www.imprentagraficar.es\/ca\/\" \/>\n<meta property=\"og:locale\" content=\"ca_ES\" \/>\n<meta property=\"og:type\" content=\"article\" \/>\n<meta property=\"og:title\" content=\"Impremta GrafiCar - Impressi\u00f3 \u00d2fset i Digital a Barcelona\" \/>\n<meta property=\"og:description\" content=\"Impremta GrafiCar - Impremta a Barcelona. Experts en serveis d&#039; impressi\u00f3 offset i digital a Barcelona. Coneixe els nostres productes i arts grafiques.\" \/>\n<meta property=\"og:url\" content=\"https:\/\/www.imprentagraficar.es\/ca\/\" \/>\n<meta property=\"og:site_name\" content=\"Imprenta GrafiCar\" \/>\n<meta property=\"article:publisher\" content=\"https:\/\/www.facebook.com\/Imprenta-Grafi-Car-758527010874723\/\" \/>\n<meta property=\"article:modified_time\" content=\"2024-07-13T16:38:22+00:00\" \/>\n<meta property=\"og:image\" content=\"https:\/\/www.imprentagraficar.es\/wp-content\/uploads\/2017\/03\/letras-imprenta-oscura-1.jpg\" \/>\n\t<meta property=\"og:image:width\" content=\"960\" \/>\n\t<meta property=\"og:image:height\" content=\"640\" \/>\n\t<meta property=\"og:image:type\" content=\"image\/jpeg\" \/>\n<meta name=\"twitter:label1\" content=\"Est. reading time\" \/>\n\t<meta name=\"twitter:data1\" content=\"2 minutes\" \/>\n<script type=\"application\/ld+json\" class=\"yoast-schema-graph\">{\"@context\":\"https:\/\/schema.org\",\"@graph\":[{\"@type\":\"WebPage\",\"@id\":\"https:\/\/www.imprentagraficar.es\/ca\/\",\"url\":\"https:\/\/www.imprentagraficar.es\/ca\/\",\"name\":\"Impremta GrafiCar - Impressi\u00f3 \u00d2fset i Digital a Barcelona\",\"isPartOf\":{\"@id\":\"https:\/\/www.imprentagraficar.es\/ca\/#website\"},\"primaryImageOfPage\":{\"@id\":\"https:\/\/www.imprentagraficar.es\/ca\/#primaryimage\"},\"image\":{\"@id\":\"https:\/\/www.imprentagraficar.es\/ca\/#primaryimage\"},\"thumbnailUrl\":\"https:\/\/www.imprentagraficar.es\/wp-content\/uploads\/2017\/03\/letras-imprenta-oscura-1.jpg\",\"datePublished\":\"2017-04-07T08:34:07+00:00\",\"dateModified\":\"2024-07-13T16:38:22+00:00\",\"description\":\"Impremta GrafiCar - Impremta a Barcelona. Experts en serveis d' impressi\u00f3 offset i digital a Barcelona. Coneixe els nostres productes i arts grafiques.\",\"breadcrumb\":{\"@id\":\"https:\/\/www.imprentagraficar.es\/ca\/#breadcrumb\"},\"inLanguage\":\"ca-ES\",\"potentialAction\":[{\"@type\":\"ReadAction\",\"target\":[\"https:\/\/www.imprentagraficar.es\/ca\/\"]}]},{\"@type\":\"ImageObject\",\"inLanguage\":\"ca-ES\",\"@id\":\"https:\/\/www.imprentagraficar.es\/ca\/#primaryimage\",\"url\":\"https:\/\/www.imprentagraficar.es\/wp-content\/uploads\/2017\/03\/letras-imprenta-oscura-1.jpg\",\"contentUrl\":\"https:\/\/www.imprentagraficar.es\/wp-content\/uploads\/2017\/03\/letras-imprenta-oscura-1.jpg\",\"width\":960,\"height\":640,\"caption\":\"Impremta Barcelona - Impremta en Barcelona - Impressi\u00f3 a Barcelona\"},{\"@type\":\"BreadcrumbList\",\"@id\":\"https:\/\/www.imprentagraficar.es\/ca\/#breadcrumb\",\"itemListElement\":[{\"@type\":\"ListItem\",\"position\":1,\"name\":\"Portada\",\"item\":\"https:\/\/www.imprentagraficar.es\/ca\/\"},{\"@type\":\"ListItem\",\"position\":2,\"name\":\"Impremta GrafiCar &#8211; Impremta a Barcelona &#8211; Impressi\u00f3 a Barcelona\"}]},{\"@type\":\"WebSite\",\"@id\":\"https:\/\/www.imprentagraficar.es\/ca\/#website\",\"url\":\"https:\/\/www.imprentagraficar.es\/ca\/\",\"name\":\"Imprenta GrafiCar\",\"description\":\"Expertos en impresiones offset, digital y artes gr\u00e1ficas en Barcelona.\",\"publisher\":{\"@id\":\"https:\/\/www.imprentagraficar.es\/ca\/#organization\"},\"potentialAction\":[{\"@type\":\"SearchAction\",\"target\":{\"@type\":\"EntryPoint\",\"urlTemplate\":\"https:\/\/www.imprentagraficar.es\/ca\/?s={search_term_string}\"},\"query-input\":{\"@type\":\"PropertyValueSpecification\",\"valueRequired\":true,\"valueName\":\"search_term_string\"}}],\"inLanguage\":\"ca-ES\"},{\"@type\":\"Organization\",\"@id\":\"https:\/\/www.imprentagraficar.es\/ca\/#organization\",\"name\":\"Imprenta Grafi Car\",\"url\":\"https:\/\/www.imprentagraficar.es\/ca\/\",\"logo\":{\"@type\":\"ImageObject\",\"inLanguage\":\"ca-ES\",\"@id\":\"https:\/\/www.imprentagraficar.es\/ca\/#\/schema\/logo\/image\/\",\"url\":\"https:\/\/www.imprentagraficar.es\/wp-content\/uploads\/2016\/12\/graficar_235px.png\",\"contentUrl\":\"https:\/\/www.imprentagraficar.es\/wp-content\/uploads\/2016\/12\/graficar_235px.png\",\"width\":235,\"height\":124,\"caption\":\"Imprenta Grafi Car\"},\"image\":{\"@id\":\"https:\/\/www.imprentagraficar.es\/ca\/#\/schema\/logo\/image\/\"},\"sameAs\":[\"https:\/\/www.facebook.com\/Imprenta-Grafi-Car-758527010874723\/\"]}]}<\/script>\n<!-- \/ Yoast SEO plugin. -->","yoast_head_json":{"title":"Impremta GrafiCar - Impressi\u00f3 \u00d2fset i Digital a Barcelona","description":"Impremta GrafiCar - Impremta a Barcelona. Experts en serveis d' impressi\u00f3 offset i digital a Barcelona. Coneixe els nostres productes i arts grafiques.","robots":{"index":"index","follow":"follow","max-snippet":"max-snippet:-1","max-image-preview":"max-image-preview:large","max-video-preview":"max-video-preview:-1"},"canonical":"https:\/\/www.imprentagraficar.es\/ca\/","og_locale":"ca_ES","og_type":"article","og_title":"Impremta GrafiCar - Impressi\u00f3 \u00d2fset i Digital a Barcelona","og_description":"Impremta GrafiCar - Impremta a Barcelona. Experts en serveis d' impressi\u00f3 offset i digital a Barcelona. Coneixe els nostres productes i arts grafiques.","og_url":"https:\/\/www.imprentagraficar.es\/ca\/","og_site_name":"Imprenta GrafiCar","article_publisher":"https:\/\/www.facebook.com\/Imprenta-Grafi-Car-758527010874723\/","article_modified_time":"2024-07-13T16:38:22+00:00","og_image":[{"width":960,"height":640,"url":"https:\/\/www.imprentagraficar.es\/wp-content\/uploads\/2017\/03\/letras-imprenta-oscura-1.jpg","type":"image\/jpeg"}],"twitter_misc":{"Est. reading time":"2 minutes"},"schema":{"@context":"https:\/\/schema.org","@graph":[{"@type":"WebPage","@id":"https:\/\/www.imprentagraficar.es\/ca\/","url":"https:\/\/www.imprentagraficar.es\/ca\/","name":"Impremta GrafiCar - Impressi\u00f3 \u00d2fset i Digital a Barcelona","isPartOf":{"@id":"https:\/\/www.imprentagraficar.es\/ca\/#website"},"primaryImageOfPage":{"@id":"https:\/\/www.imprentagraficar.es\/ca\/#primaryimage"},"image":{"@id":"https:\/\/www.imprentagraficar.es\/ca\/#primaryimage"},"thumbnailUrl":"https:\/\/www.imprentagraficar.es\/wp-content\/uploads\/2017\/03\/letras-imprenta-oscura-1.jpg","datePublished":"2017-04-07T08:34:07+00:00","dateModified":"2024-07-13T16:38:22+00:00","description":"Impremta GrafiCar - Impremta a Barcelona. Experts en serveis d' impressi\u00f3 offset i digital a Barcelona. Coneixe els nostres productes i arts grafiques.","breadcrumb":{"@id":"https:\/\/www.imprentagraficar.es\/ca\/#breadcrumb"},"inLanguage":"ca-ES","potentialAction":[{"@type":"ReadAction","target":["https:\/\/www.imprentagraficar.es\/ca\/"]}]},{"@type":"ImageObject","inLanguage":"ca-ES","@id":"https:\/\/www.imprentagraficar.es\/ca\/#primaryimage","url":"https:\/\/www.imprentagraficar.es\/wp-content\/uploads\/2017\/03\/letras-imprenta-oscura-1.jpg","contentUrl":"https:\/\/www.imprentagraficar.es\/wp-content\/uploads\/2017\/03\/letras-imprenta-oscura-1.jpg","width":960,"height":640,"caption":"Impremta Barcelona - Impremta en Barcelona - Impressi\u00f3 a Barcelona"},{"@type":"BreadcrumbList","@id":"https:\/\/www.imprentagraficar.es\/ca\/#breadcrumb","itemListElement":[{"@type":"ListItem","position":1,"name":"Portada","item":"https:\/\/www.imprentagraficar.es\/ca\/"},{"@type":"ListItem","position":2,"name":"Impremta GrafiCar &#8211; Impremta a Barcelona &#8211; Impressi\u00f3 a Barcelona"}]},{"@type":"WebSite","@id":"https:\/\/www.imprentagraficar.es\/ca\/#website","url":"https:\/\/www.imprentagraficar.es\/ca\/","name":"Imprenta GrafiCar","description":"Expertos en impresiones offset, digital y artes gr\u00e1ficas en Barcelona.","publisher":{"@id":"https:\/\/www.imprentagraficar.es\/ca\/#organization"},"potentialAction":[{"@type":"SearchAction","target":{"@type":"EntryPoint","urlTemplate":"https:\/\/www.imprentagraficar.es\/ca\/?s={search_term_string}"},"query-input":{"@type":"PropertyValueSpecification","valueRequired":true,"valueName":"search_term_string"}}],"inLanguage":"ca-ES"},{"@type":"Organization","@id":"https:\/\/www.imprentagraficar.es\/ca\/#organization","name":"Imprenta Grafi Car","url":"https:\/\/www.imprentagraficar.es\/ca\/","logo":{"@type":"ImageObject","inLanguage":"ca-ES","@id":"https:\/\/www.imprentagraficar.es\/ca\/#\/schema\/logo\/image\/","url":"https:\/\/www.imprentagraficar.es\/wp-content\/uploads\/2016\/12\/graficar_235px.png","contentUrl":"https:\/\/www.imprentagraficar.es\/wp-content\/uploads\/2016\/12\/graficar_235px.png","width":235,"height":124,"caption":"Imprenta Grafi Car"},"image":{"@id":"https:\/\/www.imprentagraficar.es\/ca\/#\/schema\/logo\/image\/"},"sameAs":["https:\/\/www.facebook.com\/Imprenta-Grafi-Car-758527010874723\/"]}]}},"_links":{"self":[{"href":"https:\/\/www.imprentagraficar.es\/ca\/wp-json\/wp\/v2\/pages\/4415"}],"collection":[{"href":"https:\/\/www.imprentagraficar.es\/ca\/wp-json\/wp\/v2\/pages"}],"about":[{"href":"https:\/\/www.imprentagraficar.es\/ca\/wp-json\/wp\/v2\/types\/page"}],"author":[{"embeddable":true,"href":"https:\/\/www.imprentagraficar.es\/ca\/wp-json\/wp\/v2\/users\/3"}],"replies":[{"embeddable":true,"href":"https:\/\/www.imprentagraficar.es\/ca\/wp-json\/wp\/v2\/comments?post=4415"}],"version-history":[{"count":5,"href":"https:\/\/www.imprentagraficar.es\/ca\/wp-json\/wp\/v2\/pages\/4415\/revisions"}],"predecessor-version":[{"id":9319,"href":"https:\/\/www.imprentagraficar.es\/ca\/wp-json\/wp\/v2\/pages\/4415\/revisions\/9319"}],"wp:featuredmedia":[{"embeddable":true,"href":"https:\/\/www.imprentagraficar.es\/ca\/wp-json\/wp\/v2\/media\/3982"}],"wp:attachment":[{"href":"https:\/\/www.imprentagraficar.es\/ca\/wp-json\/wp\/v2\/media?parent=4415"}],"curies":[{"name":"wp","href":"https:\/\/api.w.org\/{rel}","templated":true}]}}